{"id":1103,"date":"2025-01-21T16:47:43","date_gmt":"2025-01-21T16:47:43","guid":{"rendered":"https:\/\/dasaffalterbach.com\/conferences-events\/"},"modified":"2026-02-21T16:21:17","modified_gmt":"2026-02-21T16:21:17","slug":"meetings-and-celebrations","status":"publish","type":"page","link":"https:\/\/dasaffalterbach.com\/en\/meetings-and-celebrations\/","title":{"rendered":"Meetings &amp; celebrations"},"content":{"rendered":"\n<section id=\"m-hero__container-block_58f64b00b2c039124162da0a60119b7f\" class=\"m-parallax__image u-flex u-ai-center u-jc-centerm-hero__container  u-color-white u-relative\"><div class=\"u-absolute u-pos--top u-pos--left u-full--width u-full--height jarallax\" data-jarallax><img decoding=\"async\" src=\"https:\/\/dasaffalterbach.com\/wp-content\/uploads\/2025\/07\/Lobby-1920x1000.jpg\" width=\"1920\" height=\"1000\" sizes=\"(max-width: 1920px) 100vw, 1920px\" alt=\"Lobby im Das Affalterbach Hotel\" class=\"jarallax-img\" \/><\/div><div class=\"o-container u-full--width u-pt-x15 u-pb-x15 u-pt-x20@md u-pb-x20@md\">\n        <div class=\"o-grid o-grid--center u-text-center\">\n            <div class=\"o-grid__col u-12\/12@md u-mt-x6 u-mt-x0@sm\" data-aos=\"zoom-out\">\n                <h1 style=\"text-align: center;\">Meetings &amp; celebrations<\/h1>\n\n            <\/div>\n        <\/div>\n    <\/div><\/section>\n<section id=\"m-text__container-block_9fadf15856def65011fbcbd7e48b667f\" class=\"m-text__container u-pt-x10 u-pb-x0 u-pt-x20@md u-pb-x0@md\">\n    <div class=\"o-container\">\n        <div class=\"o-grid o-grid--center\">\n                <div class=\"o-grid__col u-8\/12@md\" data-aos=\"fade-up\">\n                    <h2 style=\"text-align: center;\">Meetings in the hotel<\/h2>\n<p style=\"text-align: center;\">THE AFFALTERBACH. offers perfect locations for events of all kinds &#8211; whether private or business. The three new event rooms provide the right setting for a wide range of events for 10 to 80 people in a business context. The 61 m\u00b2, 107 m\u00b2 and 132 m\u00b2 rooms are an excellent venue for sophisticated business events, as well as for team building or incentives.<\/p>\n\n                <\/div>\n        <\/div>\n    <\/div>\n<\/section>\n<section id=\"m-button__container-block_d93fb204eb81fe4aa1ffc68ae805e2b9\" class=\"m-button__container u-pt-x0 u-pb-x0 u-pt-x5@md u-pb-x0@md : Kein Hintergrund\">\n    <div class=\"o-container\">\n        <div class=\"o-grid u-text-center\">\n            <div class=\"o-grid__col u-12\/12@md\" data-aos=\"fade-up\">\n                <a href=\"mailto:events@dasaffalterbach.com\" class=\"c-btn c-btn__primary\">Request now<\/a>\n            <\/div>\n        <\/div>\n    <\/div>\n<\/section>\n<section id=\"m-media-text__container-block_56541681213448b277cf8177a8b9d938\" class=\"m-media-text__container u-pt-x15 u-pb-x0 u-pt-x30@md u-pb-x0@md\">\n    <div class=\"o-container\">\n        <div class=\"o-grid o-grid--x12 o-grid--middle\">\n            <div class=\"o-grid__col u-6\/12@sm u-7\/12@md u-mb--x8 u-mb-x0@md\" data-aos=\"fade\"><figure class=\"a-parallax__image u-mt-x10\"><img decoding=\"async\" src=\"https:\/\/dasaffalterbach.com\/wp-content\/uploads\/2026\/02\/Tagungen_Das-Affalterbach-1024x640.jpg\" width=\"1024\" height=\"640\" srcset=\"https:\/\/dasaffalterbach.com\/wp-content\/uploads\/2026\/02\/Tagungen_Das-Affalterbach-1024x640.jpg 1024w, https:\/\/dasaffalterbach.com\/wp-content\/uploads\/2026\/02\/Tagungen_Das-Affalterbach-600x375.jpg 600w, https:\/\/dasaffalterbach.com\/wp-content\/uploads\/2026\/02\/Tagungen_Das-Affalterbach-768x480.jpg 768w, https:\/\/dasaffalterbach.com\/wp-content\/uploads\/2026\/02\/Tagungen_Das-Affalterbach.jpg 1200w\" sizes=\"(max-width: 1024px) 100vw, 1024px\" alt=\"Blick in den Tagungsraum im Tagungshotel nahe Stuttgart mit wei\u00dfen Tischen in Reihen mit schwarzen St\u00fchlen, Sofa, abstraktem Gem\u00e4lde, S\u00e4ule und bodentiefen Fenstern.\n\" \/><\/figure>\n            <\/div>\n            <div class=\"o-grid__col u-6\/12@sm u-5\/12@md u-mt-x3 u-mt-x0@sm\" data-aos=\"fade\">\n                <h2>Conferences<\/h2>\n<p>At DAS AFFALTERBACH, you can meet in a stylish ambience between design, automotive history and nature. Our flexible event rooms offer the perfect setting for meetings, workshops or conferences, professionally accompanied by exquisite cuisine and first-class service.<\/p>\n<p><a class=\"c-btn c-btn__primary u-mt-x3\" href=\"https:\/\/dasaffalterbach.com\/en\/meetings-and-celebrations\/conferences\/\">Read more<\/a><\/p>\n\n            <\/div>\n        <\/div>\n    <\/div>\n<\/section>\n<section id=\"m-media-text__container-block_6886da5fd4b6bbe5693d2e021b68a76d\" class=\"m-media-text__container u-pt-x5 u-pb-x0 u-pt-x10@md u-pb-x0@md\">\n    <div class=\"o-container\">\n        <div class=\"o-grid o-grid--x12 o-grid--rev o-grid--middle\">\n            <div class=\"o-grid__col u-6\/12@sm u-7\/12@md u-mb--x8 u-mb-x0@md\" data-aos=\"fade\"><figure class=\"a-parallax__image u-mt-x10\"><img decoding=\"async\" src=\"https:\/\/dasaffalterbach.com\/wp-content\/uploads\/2026\/02\/Feierlichkeiten_Das-Affalterbach-1024x640.jpeg\" width=\"1024\" height=\"640\" srcset=\"https:\/\/dasaffalterbach.com\/wp-content\/uploads\/2026\/02\/Feierlichkeiten_Das-Affalterbach-1024x640.jpeg 1024w, https:\/\/dasaffalterbach.com\/wp-content\/uploads\/2026\/02\/Feierlichkeiten_Das-Affalterbach-600x375.jpeg 600w, https:\/\/dasaffalterbach.com\/wp-content\/uploads\/2026\/02\/Feierlichkeiten_Das-Affalterbach-768x480.jpeg 768w, https:\/\/dasaffalterbach.com\/wp-content\/uploads\/2026\/02\/Feierlichkeiten_Das-Affalterbach.jpeg 1200w\" sizes=\"(max-width: 1024px) 100vw, 1024px\" alt=\"Festlich gedeckter Esstisch, mit Gl\u00e4sern, Besteck und Men\u00fckarten arrangiert; einzelne Blumenvasen s\u00e4umen die Tischmitte im Restuarant in Affalterbach\n\" \/><\/figure>\n            <\/div>\n            <div class=\"o-grid__col u-6\/12@sm u-5\/12@md u-mt-x3 u-mt-x0@sm\" data-aos=\"fade\">\n                <h2>Celebrations<\/h2>\n<p>Whether for private occasions or business celebrations, DAS AFFALTERBACH provides the perfect setting for special moments. Stylish rooms, flexible usage options and high-quality cuisine create the ideal location for birthdays, anniversaries, company celebrations or exclusive get-togethers.<\/p>\n<p><a class=\"c-btn c-btn__primary u-mt-x3\" href=\"https:\/\/dasaffalterbach.com\/en\/meetings-and-celebrations\/celebrations\/\">Read more<\/a><\/p>\n\n            <\/div>\n        <\/div>\n    <\/div>\n<\/section>\n<section id=\"m-media-text__container-block_a7364a4b309e0b4c1d65e3528cdf9264\" class=\"m-media-text__container u-pt-x5 u-pb-x0 u-pt-x5@md u-pb-x0@md\">\n    <div class=\"o-container\">\n        <div class=\"o-grid o-grid--x12 o-grid--middle\">\n            <div class=\"o-grid__col u-6\/12@sm u-7\/12@md u-mb--x8 u-mb-x0@md\" data-aos=\"fade\"><figure class=\"a-parallax__image u-mt-x10\"><img decoding=\"async\" src=\"https:\/\/dasaffalterbach.com\/wp-content\/uploads\/2026\/02\/Hochzeiten_Das-Affalterbach-1024x640.jpg\" width=\"1024\" height=\"640\" srcset=\"https:\/\/dasaffalterbach.com\/wp-content\/uploads\/2026\/02\/Hochzeiten_Das-Affalterbach-1024x640.jpg 1024w, https:\/\/dasaffalterbach.com\/wp-content\/uploads\/2026\/02\/Hochzeiten_Das-Affalterbach-600x375.jpg 600w, https:\/\/dasaffalterbach.com\/wp-content\/uploads\/2026\/02\/Hochzeiten_Das-Affalterbach-768x480.jpg 768w, https:\/\/dasaffalterbach.com\/wp-content\/uploads\/2026\/02\/Hochzeiten_Das-Affalterbach.jpg 1200w\" sizes=\"(max-width: 1024px) 100vw, 1024px\" alt=\"Blonde Frau mit Blumenkranz umarmt einen Mann; sie l\u00e4chelt ihm zu, ihre H\u00e4nde mit Ehering ruhen auf seinen Schultern; Nahaufnahme\n\" \/><\/figure>\n            <\/div>\n            <div class=\"o-grid__col u-6\/12@sm u-5\/12@md u-mt-x3 u-mt-x0@sm\" data-aos=\"fade\">\n                <h2>Weddings<\/h2>\n<p>With us, your wedding will be an unforgettable experience. Between the historic villa, modern design and extensive park, unique moments are created for your big day. Stylish rooms, individual design options and excellent cuisine accompany you from the planning to the celebration, personally, professionally and with great attention to detail.<\/p>\n<p><a class=\"c-btn c-btn__primary u-mt-x3\" href=\"https:\/\/dasaffalterbach.com\/en\/meetings-and-celebrations\/weddings\/\">Read more<\/a><\/p>\n\n            <\/div>\n        <\/div>\n    <\/div>\n<\/section>\n<section id=\"m-media-text__container-block_9080af4b3ad453aa478b75968e47a90f\" class=\"m-media-text__container u-pt-x5 u-pb-x0 u-pt-x10@md u-pb-x0@md\">\n    <div class=\"o-container\">\n        <div class=\"o-grid o-grid--x12 o-grid--rev o-grid--middle\">\n            <div class=\"o-grid__col u-6\/12@sm u-7\/12@md u-mb--x8 u-mb-x0@md\" data-aos=\"fade\"><figure class=\"a-parallax__image u-mt-x10\"><img decoding=\"async\" src=\"https:\/\/dasaffalterbach.com\/wp-content\/uploads\/2026\/02\/Raeumlichkeiten_Das-Affalterbach-1024x640.jpg\" width=\"1024\" height=\"640\" srcset=\"https:\/\/dasaffalterbach.com\/wp-content\/uploads\/2026\/02\/Raeumlichkeiten_Das-Affalterbach-1024x640.jpg 1024w, https:\/\/dasaffalterbach.com\/wp-content\/uploads\/2026\/02\/Raeumlichkeiten_Das-Affalterbach-600x375.jpg 600w, https:\/\/dasaffalterbach.com\/wp-content\/uploads\/2026\/02\/Raeumlichkeiten_Das-Affalterbach-768x480.jpg 768w, https:\/\/dasaffalterbach.com\/wp-content\/uploads\/2026\/02\/Raeumlichkeiten_Das-Affalterbach.jpg 1200w\" sizes=\"(max-width: 1024px) 100vw, 1024px\" alt=\"Zwei gepolsterte Sessel um einen niedrigen Tisch auf gro\u00dfem grauem Teppich; sie stehen in einem hellen, minimalistischen Empfangsbereich mit Vorh\u00e4ngen, Deckenstrahlern\n\" \/><\/figure>\n            <\/div>\n            <div class=\"o-grid__col u-6\/12@sm u-5\/12@md u-mt-x3 u-mt-x0@sm\" data-aos=\"fade\">\n                <h2>Premises<\/h2>\n<p>DAS AFFALTERBACH has a variety of function rooms for different occasions. From spacious event areas to smaller, separate rooms, we offer flexible usage options in a stylish ambience. You will find all the important information on capacities, seating options and the respective floor plans clearly presented below.<\/p>\n<p><a class=\"c-btn c-btn__primary u-mt-x3\" href=\"https:\/\/dasaffalterbach.com\/en\/meetings-and-celebrations\/premises\/\">Read more<\/a><\/p>\n\n            <\/div>\n        <\/div>\n    <\/div>\n<\/section>\n<section id=\"m-media-text__container-block_74caf80ae9a9165365ec3485539ddc52\" class=\"m-media-text__container u-pt-x5 u-pb-x0 u-pt-x5@md u-pb-x0@md\">\n    <div class=\"o-container\">\n        <div class=\"o-grid o-grid--x12 o-grid--middle\">\n            <div class=\"o-grid__col u-6\/12@sm u-7\/12@md u-mb--x8 u-mb-x0@md\" data-aos=\"fade\"><figure class=\"a-parallax__image u-mt-x10\"><img decoding=\"async\" src=\"https:\/\/dasaffalterbach.com\/wp-content\/uploads\/2026\/02\/Exklusivbuchung_Das-Affalterbach-1024x640.jpg\" width=\"1024\" height=\"640\" srcset=\"https:\/\/dasaffalterbach.com\/wp-content\/uploads\/2026\/02\/Exklusivbuchung_Das-Affalterbach-1024x640.jpg 1024w, https:\/\/dasaffalterbach.com\/wp-content\/uploads\/2026\/02\/Exklusivbuchung_Das-Affalterbach-600x375.jpg 600w, https:\/\/dasaffalterbach.com\/wp-content\/uploads\/2026\/02\/Exklusivbuchung_Das-Affalterbach-768x480.jpg 768w, https:\/\/dasaffalterbach.com\/wp-content\/uploads\/2026\/02\/Exklusivbuchung_Das-Affalterbach.jpg 1200w\" sizes=\"(max-width: 1024px) 100vw, 1024px\" alt=\"Glasfassade des Hotels nahe Stuttgart; der \u00fcberdachte Haupteingang wird von Pflanzenk\u00fcbeln und einer kleinen Kreidetafel flankiert\n\" \/><\/figure>\n            <\/div>\n            <div class=\"o-grid__col u-6\/12@sm u-5\/12@md u-mt-x3 u-mt-x0@sm\" data-aos=\"fade\">\n                <h2>Exclusive booking<\/h2>\n<p>DAS AFFALTERBACH can be booked exclusively for special occasions. Enjoy maximum privacy, all rooms to yourself and a setting that offers space for individual concepts and tailor-made experiences.<\/p>\n<p><a class=\"c-btn c-btn__primary u-mt-x3\" href=\"https:\/\/dasaffalterbach.com\/en\/meetings-and-celebrations\/exclusive-booking\/\">Read more<\/a><\/p>\n\n            <\/div>\n        <\/div>\n    <\/div>\n<\/section>\n<section id=\"m-media-text__container-block_5995e8956f682c8a2669306fb6dcf662\" class=\"m-media-text__container u-pt-x5 u-pb-x0 u-pt-x10@md u-pb-x0@md\">\n    <div class=\"o-container\">\n        <div class=\"o-grid o-grid--x12 o-grid--rev o-grid--middle\">\n            <div class=\"o-grid__col u-6\/12@sm u-7\/12@md u-mb--x8 u-mb-x0@md\" data-aos=\"fade\"><figure class=\"a-parallax__image u-mt-x10\"><img decoding=\"async\" src=\"https:\/\/dasaffalterbach.com\/wp-content\/uploads\/2026\/02\/Events_Das-Affalterbach-1024x640.jpeg\" width=\"1024\" height=\"640\" srcset=\"https:\/\/dasaffalterbach.com\/wp-content\/uploads\/2026\/02\/Events_Das-Affalterbach-1024x640.jpeg 1024w, https:\/\/dasaffalterbach.com\/wp-content\/uploads\/2026\/02\/Events_Das-Affalterbach-600x375.jpeg 600w, https:\/\/dasaffalterbach.com\/wp-content\/uploads\/2026\/02\/Events_Das-Affalterbach-768x480.jpeg 768w, https:\/\/dasaffalterbach.com\/wp-content\/uploads\/2026\/02\/Events_Das-Affalterbach.jpeg 1200w\" sizes=\"(max-width: 1024px) 100vw, 1024px\" alt=\"Flaschen in einer Eiswanne auf einem dunklen Tisch neben zahlreichen Weingl\u00e4sern \n\" \/><\/figure>\n            <\/div>\n            <div class=\"o-grid__col u-6\/12@sm u-5\/12@md u-mt-x3 u-mt-x0@sm\" data-aos=\"fade\">\n                <h2>Events at the hotel<\/h2>\n<p>The hotel regularly hosts special events, from culinary evenings and seasonal highlights to selected gourmet and lifestyle events. Discover our current dates and be inspired by unique moments in a special ambience.<\/p>\n<p><a class=\"c-btn c-btn__primary u-mt-x3\" href=\"https:\/\/dasaffalterbach.com\/en\/events\/\">Read more<\/a><\/p>\n\n            <\/div>\n        <\/div>\n    <\/div>\n<\/section>","protected":false},"excerpt":{"rendered":"","protected":false},"author":1,"featured_media":0,"parent":0,"menu_order":4,"comment_status":"closed","ping_status":"closed","template":"","meta":{"_acf_changed":false,"footnotes":""},"class_list":["post-1103","page","type-page","status-publish","hentry"],"acf":[],"yoast_head":"<!-- This site is optimized with the Yoast SEO plugin v27.2 - https:\/\/yoast.com\/product\/yoast-seo-wordpress\/ -->\n<title>Conferences &amp; Events near Stuttgart | Das Affalterbach<\/title>\n<meta name=\"description\" content=\"Modern conference rooms &amp; event location at Hotel Das Affalterbach near Stuttgart. Perfect for meetings, celebrations &amp; seminars - book now at the best price.\" \/>\n<meta name=\"robots\" content=\"index, follow, max-snippet:-1, max-image-preview:large, max-video-preview:-1\" \/>\n<link rel=\"canonical\" href=\"https:\/\/dasaffalterbach.com\/en\/meetings-and-celebrations\/\" \/>\n<meta property=\"og:locale\" content=\"en_US\" \/>\n<meta property=\"og:type\" content=\"article\" \/>\n<meta property=\"og:title\" content=\"Conferences &amp; Events near Stuttgart | Das Affalterbach\" \/>\n<meta property=\"og:description\" content=\"Modern conference rooms &amp; event location at Hotel Das Affalterbach near Stuttgart. Perfect for meetings, celebrations &amp; seminars - book now at the best price.\" \/>\n<meta property=\"og:url\" content=\"https:\/\/dasaffalterbach.com\/en\/meetings-and-celebrations\/\" \/>\n<meta property=\"og:site_name\" content=\"Das Affalterbach\" \/>\n<meta property=\"article:modified_time\" content=\"2026-02-21T16:21:17+00:00\" \/>\n<meta name=\"twitter:card\" content=\"summary_large_image\" \/>\n<script type=\"application\/ld+json\" class=\"yoast-schema-graph\">{\"@context\":\"https:\/\/schema.org\",\"@graph\":[{\"@type\":\"WebPage\",\"@id\":\"https:\/\/dasaffalterbach.com\/en\/meetings-and-celebrations\/\",\"url\":\"https:\/\/dasaffalterbach.com\/en\/meetings-and-celebrations\/\",\"name\":\"Conferences & Events near Stuttgart | Das Affalterbach\",\"isPartOf\":{\"@id\":\"https:\/\/dasaffalterbach.com\/en\/#website\"},\"datePublished\":\"2025-01-21T16:47:43+00:00\",\"dateModified\":\"2026-02-21T16:21:17+00:00\",\"description\":\"Modern conference rooms & event location at Hotel Das Affalterbach near Stuttgart. Perfect for meetings, celebrations & seminars - book now at the best price.\",\"breadcrumb\":{\"@id\":\"https:\/\/dasaffalterbach.com\/en\/meetings-and-celebrations\/#breadcrumb\"},\"inLanguage\":\"en-US\",\"potentialAction\":[{\"@type\":\"ReadAction\",\"target\":[\"https:\/\/dasaffalterbach.com\/en\/meetings-and-celebrations\/\"]}]},{\"@type\":\"BreadcrumbList\",\"@id\":\"https:\/\/dasaffalterbach.com\/en\/meetings-and-celebrations\/#breadcrumb\",\"itemListElement\":[{\"@type\":\"ListItem\",\"position\":1,\"name\":\"Startseite\",\"item\":\"https:\/\/dasaffalterbach.com\/en\/\"},{\"@type\":\"ListItem\",\"position\":2,\"name\":\"Meetings &amp; celebrations\"}]},{\"@type\":\"WebSite\",\"@id\":\"https:\/\/dasaffalterbach.com\/en\/#website\",\"url\":\"https:\/\/dasaffalterbach.com\/en\/\",\"name\":\"Autograph Collection Hotels\",\"description\":\"Autograph Collection Hotels\",\"publisher\":{\"@id\":\"https:\/\/dasaffalterbach.com\/en\/#organization\"},\"potentialAction\":[{\"@type\":\"SearchAction\",\"target\":{\"@type\":\"EntryPoint\",\"urlTemplate\":\"https:\/\/dasaffalterbach.com\/en\/?s={search_term_string}\"},\"query-input\":{\"@type\":\"PropertyValueSpecification\",\"valueRequired\":true,\"valueName\":\"search_term_string\"}}],\"inLanguage\":\"en-US\"},{\"@type\":\"Organization\",\"@id\":\"https:\/\/dasaffalterbach.com\/en\/#organization\",\"name\":\"Autograph Collection Hotels\",\"url\":\"https:\/\/dasaffalterbach.com\/en\/\",\"logo\":{\"@type\":\"ImageObject\",\"inLanguage\":\"en-US\",\"@id\":\"https:\/\/dasaffalterbach.com\/en\/#\/schema\/logo\/image\/\",\"url\":\"https:\/\/dasaffalterbach.com\/wp-content\/uploads\/2024\/09\/favicon.png\",\"contentUrl\":\"https:\/\/dasaffalterbach.com\/wp-content\/uploads\/2024\/09\/favicon.png\",\"width\":512,\"height\":512,\"caption\":\"Autograph Collection Hotels\"},\"image\":{\"@id\":\"https:\/\/dasaffalterbach.com\/en\/#\/schema\/logo\/image\/\"}}]}<\/script>\n<!-- \/ Yoast SEO plugin. -->","yoast_head_json":{"title":"Conferences & Events near Stuttgart | Das Affalterbach","description":"Modern conference rooms & event location at Hotel Das Affalterbach near Stuttgart. Perfect for meetings, celebrations & seminars - book now at the best price.","robots":{"index":"index","follow":"follow","max-snippet":"max-snippet:-1","max-image-preview":"max-image-preview:large","max-video-preview":"max-video-preview:-1"},"canonical":"https:\/\/dasaffalterbach.com\/en\/meetings-and-celebrations\/","og_locale":"en_US","og_type":"article","og_title":"Conferences & Events near Stuttgart | Das Affalterbach","og_description":"Modern conference rooms & event location at Hotel Das Affalterbach near Stuttgart. Perfect for meetings, celebrations & seminars - book now at the best price.","og_url":"https:\/\/dasaffalterbach.com\/en\/meetings-and-celebrations\/","og_site_name":"Das Affalterbach","article_modified_time":"2026-02-21T16:21:17+00:00","twitter_card":"summary_large_image","schema":{"@context":"https:\/\/schema.org","@graph":[{"@type":"WebPage","@id":"https:\/\/dasaffalterbach.com\/en\/meetings-and-celebrations\/","url":"https:\/\/dasaffalterbach.com\/en\/meetings-and-celebrations\/","name":"Conferences & Events near Stuttgart | Das Affalterbach","isPartOf":{"@id":"https:\/\/dasaffalterbach.com\/en\/#website"},"datePublished":"2025-01-21T16:47:43+00:00","dateModified":"2026-02-21T16:21:17+00:00","description":"Modern conference rooms & event location at Hotel Das Affalterbach near Stuttgart. Perfect for meetings, celebrations & seminars - book now at the best price.","breadcrumb":{"@id":"https:\/\/dasaffalterbach.com\/en\/meetings-and-celebrations\/#breadcrumb"},"inLanguage":"en-US","potentialAction":[{"@type":"ReadAction","target":["https:\/\/dasaffalterbach.com\/en\/meetings-and-celebrations\/"]}]},{"@type":"BreadcrumbList","@id":"https:\/\/dasaffalterbach.com\/en\/meetings-and-celebrations\/#breadcrumb","itemListElement":[{"@type":"ListItem","position":1,"name":"Startseite","item":"https:\/\/dasaffalterbach.com\/en\/"},{"@type":"ListItem","position":2,"name":"Meetings &amp; celebrations"}]},{"@type":"WebSite","@id":"https:\/\/dasaffalterbach.com\/en\/#website","url":"https:\/\/dasaffalterbach.com\/en\/","name":"Autograph Collection Hotels","description":"Autograph Collection Hotels","publisher":{"@id":"https:\/\/dasaffalterbach.com\/en\/#organization"},"potentialAction":[{"@type":"SearchAction","target":{"@type":"EntryPoint","urlTemplate":"https:\/\/dasaffalterbach.com\/en\/?s={search_term_string}"},"query-input":{"@type":"PropertyValueSpecification","valueRequired":true,"valueName":"search_term_string"}}],"inLanguage":"en-US"},{"@type":"Organization","@id":"https:\/\/dasaffalterbach.com\/en\/#organization","name":"Autograph Collection Hotels","url":"https:\/\/dasaffalterbach.com\/en\/","logo":{"@type":"ImageObject","inLanguage":"en-US","@id":"https:\/\/dasaffalterbach.com\/en\/#\/schema\/logo\/image\/","url":"https:\/\/dasaffalterbach.com\/wp-content\/uploads\/2024\/09\/favicon.png","contentUrl":"https:\/\/dasaffalterbach.com\/wp-content\/uploads\/2024\/09\/favicon.png","width":512,"height":512,"caption":"Autograph Collection Hotels"},"image":{"@id":"https:\/\/dasaffalterbach.com\/en\/#\/schema\/logo\/image\/"}}]}},"_links":{"self":[{"href":"https:\/\/dasaffalterbach.com\/en\/wp-json\/wp\/v2\/pages\/1103","targetHints":{"allow":["GET"]}}],"collection":[{"href":"https:\/\/dasaffalterbach.com\/en\/wp-json\/wp\/v2\/pages"}],"about":[{"href":"https:\/\/dasaffalterbach.com\/en\/wp-json\/wp\/v2\/types\/page"}],"author":[{"embeddable":true,"href":"https:\/\/dasaffalterbach.com\/en\/wp-json\/wp\/v2\/users\/1"}],"replies":[{"embeddable":true,"href":"https:\/\/dasaffalterbach.com\/en\/wp-json\/wp\/v2\/comments?post=1103"}],"version-history":[{"count":28,"href":"https:\/\/dasaffalterbach.com\/en\/wp-json\/wp\/v2\/pages\/1103\/revisions"}],"predecessor-version":[{"id":3429,"href":"https:\/\/dasaffalterbach.com\/en\/wp-json\/wp\/v2\/pages\/1103\/revisions\/3429"}],"wp:attachment":[{"href":"https:\/\/dasaffalterbach.com\/en\/wp-json\/wp\/v2\/media?parent=1103"}],"curies":[{"name":"wp","href":"https:\/\/api.w.org\/{rel}","templated":true}]}}