{"id":1108,"date":"2025-01-21T16:48:10","date_gmt":"2025-01-21T16:48:10","guid":{"rendered":"https:\/\/dasaffalterbach.com\/wellness\/"},"modified":"2026-04-07T09:51:51","modified_gmt":"2026-04-07T09:51:51","slug":"wellness","status":"publish","type":"page","link":"https:\/\/dasaffalterbach.com\/en\/wellness\/","title":{"rendered":"Wellness"},"content":{"rendered":"\n<section id=\"m-hero__container-block_28e06aeb424c3c3e6d4bfbb6b70db422\" class=\"m-parallax__image u-flex u-ai-center u-jc-centerm-hero__container  u-color-white u-relative\"><div class=\"u-absolute u-pos--top u-pos--left u-full--width u-full--height jarallax\" data-jarallax><img decoding=\"async\" src=\"https:\/\/dasaffalterbach.com\/wp-content\/uploads\/2025\/07\/Header_Wellness.jpg\" width=\"1920\" height=\"900\" srcset=\"https:\/\/dasaffalterbach.com\/wp-content\/uploads\/2025\/07\/Header_Wellness.jpg 1920w, https:\/\/dasaffalterbach.com\/wp-content\/uploads\/2025\/07\/Header_Wellness-600x281.jpg 600w, https:\/\/dasaffalterbach.com\/wp-content\/uploads\/2025\/07\/Header_Wellness-1024x480.jpg 1024w, https:\/\/dasaffalterbach.com\/wp-content\/uploads\/2025\/07\/Header_Wellness-768x360.jpg 768w, https:\/\/dasaffalterbach.com\/wp-content\/uploads\/2025\/07\/Header_Wellness-1536x720.jpg 1536w\" sizes=\"(max-width: 1920px) 100vw, 1920px\" alt=\"Zwei gem\u00fctliche Loungesessel direkt am Pool mit Blick ins Gr\u00fcne durch gro\u00dfe Fensterfront\" class=\"jarallax-img\" \/><\/div><div class=\"o-container u-full--width u-pt-x15 u-pb-x15 u-pt-x20@md u-pb-x20@md\">\n        <div class=\"o-grid o-grid--center u-text-center\">\n            <div class=\"o-grid__col u-12\/12@md u-mt-x6 u-mt-x0@sm\" data-aos=\"zoom-out\">\n                <h1 style=\"text-align: center;\">Wellness &amp; relaxation<\/h1>\n<h2 style=\"text-align: center;\">Sauna, relaxation room, fitness &amp; pool<\/h2>\n\n            <\/div>\n        <\/div>\n    <\/div><\/section>\n<section id=\"m-text__container-block_abbfd543e57fca0f013afe633e4f1da5\" class=\"m-text__container u-pt-x10 u-pb-x0 u-pt-x20@md u-pb-x0@md\">\n    <div class=\"o-container\">\n        <div class=\"o-grid o-grid--center\">\n                <div class=\"o-grid__col u-8\/12@md\" data-aos=\"fade-up\">\n                    <h2 style=\"text-align: center;\">The place to recharge your batteries<\/h2>\n<p style=\"text-align: center;\">During your stay in our luxurious and modern hotel near Stuttgart, you don&#8217;t have to do without anything: Equipped with two saunas and a relaxation room with an outdoor terrace, you can enjoy wellness and relaxation right here on site. In balance and with a focus on holistic well-being, the performance fitness area covers around 90 square meters. The pool area rounds off the comprehensive spa experience for hotel guests in Affalterbach.<\/p>\n\n                <\/div>\n        <\/div>\n    <\/div>\n<\/section>\n<section id=\"m-media-text__container-block_27480ebea952ff7831b684c6efcae009\" class=\"m-media-text__container u-pt-x5 u-pb-x0 u-pt-x15@md u-pb-x0@md : Kein Hintergrund\">\n    <div class=\"o-container\">\n        <div class=\"o-grid o-grid--x12 o-grid--middle\">\n            <div class=\"o-grid__col u-6\/12@sm u-7\/12@md u-mb--x8 u-mb-x0@md\" data-aos=\"none\"><figure class=\"a-parallax__image u-mt-x10\"><img decoding=\"async\" src=\"https:\/\/dasaffalterbach.com\/wp-content\/uploads\/2026\/02\/Innenpool-1024x640.jpg\" width=\"1024\" height=\"640\" srcset=\"https:\/\/dasaffalterbach.com\/wp-content\/uploads\/2026\/02\/Innenpool-1024x640.jpg 1024w, https:\/\/dasaffalterbach.com\/wp-content\/uploads\/2026\/02\/Innenpool-600x375.jpg 600w, https:\/\/dasaffalterbach.com\/wp-content\/uploads\/2026\/02\/Innenpool-768x480.jpg 768w, https:\/\/dasaffalterbach.com\/wp-content\/uploads\/2026\/02\/Innenpool-1536x960.jpg 1536w, https:\/\/dasaffalterbach.com\/wp-content\/uploads\/2026\/02\/Innenpool.jpg 1600w\" sizes=\"(max-width: 1024px) 100vw, 1024px\" alt=\"Mann sitzt am Beckenrand, h\u00e4lt sich an der Einstiegsleiter, Beine im Wasser im Hotel mit Pool in der n\u00e4he von Stuttgart\n\" \/><\/figure>\n            <\/div>\n            <div class=\"o-grid__col u-6\/12@sm u-5\/12@md u-mt-x3 u-mt-x0@sm\" data-aos=\"none\">\n                <h2 style=\"text-align: left;\">Indoor pool<\/h2>\n<p>The heated indoor pool invites you to relax at any time of year. In a quiet atmosphere and with plenty of daylight, you can enjoy gentle swimming, drifting or a conscious break after an active day. The modern design and the view of the greenery create ideal conditions for relaxation and well-being. Access for children is only permitted when accompanied by an adult.<\/p>\n<p>Pool opening hours: daily from 06:00 to 23:00<\/p>\n\n            <\/div>\n        <\/div>\n    <\/div>\n<\/section>\n<section id=\"m-media-text__container-block_c128d1c813bdf7e84b644ea192fdb469\" class=\"m-media-text__container u-pt-x5 u-pb-x0 u-pt-x10@md u-pb-x0@md : Kein Hintergrund\">\n    <div class=\"o-container\">\n        <div class=\"o-grid o-grid--x12 o-grid--rev o-grid--middle\">\n            <div class=\"o-grid__col u-6\/12@sm u-7\/12@md u-mb--x8 u-mb-x0@md\" data-aos=\"none\"><figure class=\"a-parallax__image u-mt-x10\"><img decoding=\"async\" src=\"https:\/\/dasaffalterbach.com\/wp-content\/uploads\/2026\/02\/Sauna-1024x640.jpg\" width=\"1024\" height=\"640\" srcset=\"https:\/\/dasaffalterbach.com\/wp-content\/uploads\/2026\/02\/Sauna-1024x640.jpg 1024w, https:\/\/dasaffalterbach.com\/wp-content\/uploads\/2026\/02\/Sauna-600x375.jpg 600w, https:\/\/dasaffalterbach.com\/wp-content\/uploads\/2026\/02\/Sauna-768x480.jpg 768w, https:\/\/dasaffalterbach.com\/wp-content\/uploads\/2026\/02\/Sauna-1536x960.jpg 1536w, https:\/\/dasaffalterbach.com\/wp-content\/uploads\/2026\/02\/Sauna.jpg 1600w\" sizes=\"(max-width: 1024px) 100vw, 1024px\" alt=\"Frau in schwarzem Badeanzug lehnt sich entspannt in der Sauna zur\u00fcck und blickt seitlich; im Hintergrund sitzt ein Mann entspannt.\n\" \/><\/figure>\n            <\/div>\n            <div class=\"o-grid__col u-6\/12@sm u-5\/12@md u-mt-x3 u-mt-x0@sm\" data-aos=\"none\">\n                <h2 style=\"text-align: left;\">Saunas<\/h2>\n<p>Soothing warmth for body and soul: our wellness area offers you two different sauna experiences for individual relaxation. In the Finnish sauna at 90 \u00b0C you can enjoy intense heat, which promotes blood circulation and ensures deep regeneration. The 55 \u00b0C bio sauna impresses with its gentle heat and pleasant climate &#8211; ideal for longer stays and gentle relaxation.<\/p>\n<p>Sauna opening hours: daily from 17:00 to 21:30<\/p>\n\n            <\/div>\n        <\/div>\n    <\/div>\n<\/section>\n<section id=\"m-media-text__container-block_1ab95c4fcba06a1b14a90f204649ad7e\" class=\"m-media-text__container u-pt-x5 u-pb-x0 u-pt-x10@md u-pb-x0@md : Kein Hintergrund\">\n    <div class=\"o-container\">\n        <div class=\"o-grid o-grid--x12 o-grid--middle\">\n            <div class=\"o-grid__col u-6\/12@sm u-7\/12@md u-mb--x8 u-mb-x0@md\" data-aos=\"none\"><figure class=\"a-parallax__image u-mt-x10\"><img decoding=\"async\" src=\"https:\/\/dasaffalterbach.com\/wp-content\/uploads\/2026\/02\/Fitnessraum-1024x640.jpg\" width=\"1024\" height=\"640\" srcset=\"https:\/\/dasaffalterbach.com\/wp-content\/uploads\/2026\/02\/Fitnessraum-1024x640.jpg 1024w, https:\/\/dasaffalterbach.com\/wp-content\/uploads\/2026\/02\/Fitnessraum-600x375.jpg 600w, https:\/\/dasaffalterbach.com\/wp-content\/uploads\/2026\/02\/Fitnessraum-768x480.jpg 768w, https:\/\/dasaffalterbach.com\/wp-content\/uploads\/2026\/02\/Fitnessraum-1536x960.jpg 1536w, https:\/\/dasaffalterbach.com\/wp-content\/uploads\/2026\/02\/Fitnessraum.jpg 1600w\" sizes=\"(max-width: 1024px) 100vw, 1024px\" alt=\"Mehrere Fitnessger\u00e4te stehen still in einem hellen Trainingsraum im Hotel nahe Stuttgart mit gro\u00dfen Fenstern und Gartent\u00fcr\n\" \/><\/figure>\n            <\/div>\n            <div class=\"o-grid__col u-6\/12@sm u-5\/12@md u-mt-x3 u-mt-x0@sm\" data-aos=\"none\">\n                <h2 style=\"text-align: left;\">Fitness<\/h2>\n<p>The modern fitness area offers ideal conditions for your individual training. High-quality equipment enables balanced strength and endurance training &#8211; perfect for starting the day or as an active balance after meetings and adventures in the region. You can train flexibly and at your own pace in a quiet atmosphere.<\/p>\n<p>Fitness opening hours: daily from 06:00 to 23:00<\/p>\n\n            <\/div>\n        <\/div>\n    <\/div>\n<\/section>\n<section id=\"m-media-text__container-block_0e603415c41b42f5dc1dca1f5ca3382d\" class=\"m-media-text__container u-pt-x5 u-pb-x0 u-pt-x10@md u-pb-x0@md : Kein Hintergrund\">\n    <div class=\"o-container\">\n        <div class=\"o-grid o-grid--x12 o-grid--rev o-grid--middle\">\n            <div class=\"o-grid__col u-6\/12@sm u-7\/12@md u-mb--x8 u-mb-x0@md\" data-aos=\"none\"><figure class=\"a-parallax__image u-mt-x10\"><img decoding=\"async\" src=\"https:\/\/dasaffalterbach.com\/wp-content\/uploads\/2026\/02\/Ruhebereich-1024x640.jpg\" width=\"1024\" height=\"640\" srcset=\"https:\/\/dasaffalterbach.com\/wp-content\/uploads\/2026\/02\/Ruhebereich-1024x640.jpg 1024w, https:\/\/dasaffalterbach.com\/wp-content\/uploads\/2026\/02\/Ruhebereich-600x375.jpg 600w, https:\/\/dasaffalterbach.com\/wp-content\/uploads\/2026\/02\/Ruhebereich-768x480.jpg 768w, https:\/\/dasaffalterbach.com\/wp-content\/uploads\/2026\/02\/Ruhebereich-1536x960.jpg 1536w, https:\/\/dasaffalterbach.com\/wp-content\/uploads\/2026\/02\/Ruhebereich.jpg 1600w\" sizes=\"(max-width: 1024px) 100vw, 1024px\" alt=\"Aufgeschlagenes Fotobuch mit gro\u00dfem Schwarzwei\u00df-Katzengesicht, vor das Gesicht gehalten von einer Person im wei\u00dfen Bademantel; \n\" \/><\/figure>\n            <\/div>\n            <div class=\"o-grid__col u-6\/12@sm u-5\/12@md u-mt-x3 u-mt-x0@sm\" data-aos=\"none\">\n                <h2 style=\"text-align: left;\">Rest area<\/h2>\n<p>Our relaxation area is a retreat for quiet moments and deep relaxation. Comfortable loungers, subdued lighting and a peaceful atmosphere invite you to consciously switch off after a sauna session. Here, body and soul can recharge their batteries.<\/p>\n<p>Opening hours rest area: daily from 14:00 to 21:00<\/p>\n\n            <\/div>\n        <\/div>\n    <\/div>\n<\/section>\n<section id=\"m-media-text__container-block_ebac93a8eef6a993a6356981fbe88f26\" class=\"m-media-text__container u-pt-x5 u-pb-x0 u-pt-x10@md u-pb-x0@md : Kein Hintergrund\">\n    <div class=\"o-container\">\n        <div class=\"o-grid o-grid--x12 o-grid--middle\">\n            <div class=\"o-grid__col u-6\/12@sm u-7\/12@md u-mb--x8 u-mb-x0@md\" data-aos=\"none\"><figure class=\"a-parallax__image u-mt-x10\"><img decoding=\"async\" src=\"https:\/\/dasaffalterbach.com\/wp-content\/uploads\/2026\/02\/Yoga-1024x640.jpg\" width=\"1024\" height=\"640\" srcset=\"https:\/\/dasaffalterbach.com\/wp-content\/uploads\/2026\/02\/Yoga-1024x640.jpg 1024w, https:\/\/dasaffalterbach.com\/wp-content\/uploads\/2026\/02\/Yoga-600x375.jpg 600w, https:\/\/dasaffalterbach.com\/wp-content\/uploads\/2026\/02\/Yoga-768x480.jpg 768w, https:\/\/dasaffalterbach.com\/wp-content\/uploads\/2026\/02\/Yoga-1536x960.jpg 1536w, https:\/\/dasaffalterbach.com\/wp-content\/uploads\/2026\/02\/Yoga.jpg 1600w\" sizes=\"(max-width: 1024px) 100vw, 1024px\" alt=\"Heller Yogaraum mit gro\u00dffl\u00e4chigen Spiegeln und hellem Holzfu\u00dfboden; Yogamatten und Rollen stehen bereit; gro\u00dfe Fenster zur Terrasse, Regale, Raumteiler und Empfangstresen im Hintergrund.\n\" \/><\/figure>\n            <\/div>\n            <div class=\"o-grid__col u-6\/12@sm u-5\/12@md u-mt-x3 u-mt-x0@sm\" data-aos=\"none\">\n                <h2 style=\"text-align: left;\">Yoga<\/h2>\n<p>Our yoga room offers a modern, light-flooded setting for conscious movement, stretching and relaxation. Whether for your personal yoga routine or meditation in a group, the room creates ideal conditions for focus and balance.<\/p>\n<p>Our yoga room is also suitable for events and courses and can be hired exclusively. On request, we can arrange yoga or personal trainers for individual sessions, group offers or special events.<\/p>\n\n            <\/div>\n        <\/div>\n    <\/div>\n<\/section>\n<section id=\"m-slider__container-block_dcd193751a297c710472a3cdd30eec39\" class=\"m-slider__container u-pt-x5 u-pb-x10 u-pt-x15@md u-pb-x20@md : Kein Hintergrund\">\n\t<div class=\"o-container\">\n\t\t<div class=\"o-grid o-grid--center\">\n\t\t\t<div class=\"o-grid__col u-10\/12@md\">\n\t\t\t    <div class=\"m-slider u-relative\" data-aos=\"fade\">\n\t\t\t        \t<figure class=\"u-relative\">\n\t\t\t            <img decoding=\"async\" src=\"https:\/\/dasaffalterbach.com\/wp-content\/uploads\/2026\/02\/01_Galerie_Wellness-1300x810.jpg\" width=\"1300\" height=\"810\" sizes=\"(max-width: 1300px) 100vw, 1300px\" alt=\"Reihen von gepolsterten Liegen ruhen nebeneinander im Ruheraum des Hotels mit Spa in der N\u00e4he von Stuttgart\n\" class=\"u-full--width\" \/><\/figure>\n\t\t\t        \t<figure class=\"u-relative\">\n\t\t\t            <img decoding=\"async\" src=\"https:\/\/dasaffalterbach.com\/wp-content\/uploads\/2026\/02\/02_Galerie_Wellness-1300x810.jpg\" width=\"1300\" height=\"810\" sizes=\"(max-width: 1300px) 100vw, 1300px\" alt=\"Innenpool im Hotel mit Pool nahe Stuttgart glitzert; zwei Sessel und eine Liege stehen am Beckenrand, vor gro\u00dfen Glasschiebet\u00fcren\n\" class=\"u-full--width\" \/><\/figure>\n\t\t\t        \t<figure class=\"u-relative\">\n\t\t\t            <img decoding=\"async\" src=\"https:\/\/dasaffalterbach.com\/wp-content\/uploads\/2026\/02\/03_Galerie_Wellness-1300x810.jpg\" width=\"1300\" height=\"810\" sizes=\"(max-width: 1300px) 100vw, 1300px\" alt=\"&quot;F\u00fcnf Frauen trainieren Bauchmuskeln auf Yogamatten, eine Trainerin kniet vorn; im hellen Fitnessraum stehen Laufb\u00e4nder und Ger\u00e4te vor gro\u00dfen Fenstert\u00fcren mit Gartenblick.\n\nTranskribierter Text: HIGH SPEED; LIVE; relaxdays; TECHNOGYM&quot;\n\" class=\"u-full--width\" \/><\/figure>\n\t\t\t        \t<figure class=\"u-relative\">\n\t\t\t            <img decoding=\"async\" src=\"https:\/\/dasaffalterbach.com\/wp-content\/uploads\/2026\/02\/04_Galerie_Wellness-1300x810.jpg\" width=\"1300\" height=\"810\" sizes=\"(max-width: 1300px) 100vw, 1300px\" alt=\"Pool des Hotel nahe Stuttgarts; Edelstahlgel\u00e4nder f\u00fchrt ins Wasser; zwei Sessel und Topfpflanzen am Ende; helle Rasterfenster und dezente Deckenbeleuchtung im modernen Innenraum.\n\" class=\"u-full--width\" \/><\/figure>\n\t\t\t        \t<figure class=\"u-relative\">\n\t\t\t            <img decoding=\"async\" src=\"https:\/\/dasaffalterbach.com\/wp-content\/uploads\/2026\/02\/05_Galerie_Wellness-1300x810.jpg\" width=\"1300\" height=\"810\" sizes=\"(max-width: 1300px) 100vw, 1300px\" alt=\"Ein offenes Holzregal trennt den Raum und tr\u00e4gt Topfpflanzen, Kerzen und B\u00fccher, zwischen gem\u00fctlichen Polsterm\u00f6beln vor gro\u00dfen Fensterfl\u00e4chen mit warmem indirektem Licht und Vorh\u00e4ngen.\n\" class=\"u-full--width\" \/><\/figure>\n\t\t\t        \t<figure class=\"u-relative\">\n\t\t\t            <img decoding=\"async\" src=\"https:\/\/dasaffalterbach.com\/wp-content\/uploads\/2026\/02\/06_Galerie_Wellness-1300x810.jpg\" width=\"1300\" height=\"810\" sizes=\"(max-width: 1300px) 100vw, 1300px\" alt=\"Zweisitzige graue Loungesessel stehen am Innenpool des Hotel mit Spa in der N\u00e4he von Stuttgart\n\" class=\"u-full--width\" \/><\/figure>\n\t\t\t    <\/div>\n\t\t    <\/div>\n\t    <\/div>\n    <\/div>\n<\/section>\n<section id=\"m-text__container-block_45fbed5dfe11298628ba509170fd0f3b\" class=\"m-text__container u-pt-x5 u-pb-x10 u-pt-x5@md u-pb-x20@md u-bgcolor-black\">\n    <div class=\"o-container\">\n        <div class=\"o-grid\">\n                <div class=\"o-grid__col u-6\/12@md u-mb-x6 u-mb-x0@md\" data-aos=\"none\">\n                    <h2 style=\"text-align: center;\">Our wellness service<\/h2>\n<p>&nbsp;<\/p>\n<p style=\"text-align: center;\">We have thought of everything to make your stay completely relaxing: A cozy bathrobe and slippers are already waiting for you in your room, and fresh sauna and bath towels are available directly in the wellness area. On the day of departure, you can also use our spa and wellness area after check-out, subject to availability &#8211; simply speak to our reception team.<\/p>\n\n                <\/div>\n                <div class=\"o-grid__col u-6\/12@md\" data-aos=\"none\">\n                    <h2 style=\"text-align: center;\">Why wellness at DAS AFFALTERBACH is worthwhile<\/h2>\n<p style=\"text-align: center;\">As a luxury hotel near Stuttgart, we combine stylish architecture with modern spa facilities. Whether to regenerate after a business meeting or to relax away from the hustle and bustle of the city &#8211; here you will find a peaceful place for body and soul.<\/p>\n\n                <\/div>\n        <\/div>\n    <\/div>\n<\/section>\n<section id=\"m-text__container-block_50de57320542ff3fcbd2f5c0a3f4696e\" class=\"m-text__container u-pt-x0 u-pb-x0 u-pt-x0@md u-pb-x0@md : Kein Hintergrund\">\n    <div class=\"o-container\">\n        <div class=\"o-grid o-grid--center\">\n                <div class=\"o-grid__col u-8\/12@md\" data-aos=\"none\">\n                    <h2 style=\"text-align: center;\">Book your relaxation now<\/h2>\n<p style=\"text-align: center;\">Book your stay with wellness near Stuttgart in our hotel.<\/p>\n<p style=\"text-align: center;\">If you have any questions or reservations, you can reach us at any time by phone at <a href=\"tel:0049714488900\">+<!--StartFragment --><span class=\"cf0\">49714488900<\/span><\/a> or by e-mail at <a href=\"mailto:info@dasaffalterbach.com\">info@dasaffalterbach.com.<\/a><\/p>\n<p style=\"text-align: center;\">We look forward to hearing from you.<\/p>\n\n                <\/div>\n        <\/div>\n    <\/div>\n<\/section>","protected":false},"excerpt":{"rendered":"","protected":false},"author":1,"featured_media":0,"parent":0,"menu_order":8,"comment_status":"closed","ping_status":"closed","template":"","meta":{"_acf_changed":false,"footnotes":""},"class_list":["post-1108","page","type-page","status-publish","hentry"],"acf":[],"yoast_head":"<!-- This site is optimized with the Yoast SEO plugin v27.4 - https:\/\/yoast.com\/product\/yoast-seo-wordpress\/ -->\n<title>Wellness - pure relaxation | The Affalterbach<\/title>\n<meta name=\"description\" content=\"Treat yourself to rest and relaxation: sauna, relaxation area and relaxing ambience in the hotel&#039;s own wellness area: simply switch off and feel good.\" \/>\n<meta name=\"robots\" content=\"index, follow, max-snippet:-1, max-image-preview:large, max-video-preview:-1\" \/>\n<link rel=\"canonical\" href=\"https:\/\/dasaffalterbach.com\/en\/wellness\/\" \/>\n<meta property=\"og:locale\" content=\"en_US\" \/>\n<meta property=\"og:type\" content=\"article\" \/>\n<meta property=\"og:title\" content=\"Wellness - pure relaxation | The Affalterbach\" \/>\n<meta property=\"og:description\" content=\"Treat yourself to rest and relaxation: sauna, relaxation area and relaxing ambience in the hotel&#039;s own wellness area: simply switch off and feel good.\" \/>\n<meta property=\"og:url\" content=\"https:\/\/dasaffalterbach.com\/en\/wellness\/\" \/>\n<meta property=\"og:site_name\" content=\"Das Affalterbach\" \/>\n<meta property=\"article:modified_time\" content=\"2026-04-07T09:51:51+00:00\" \/>\n<meta name=\"twitter:card\" content=\"summary_large_image\" \/>\n<script type=\"application\/ld+json\" class=\"yoast-schema-graph\">{\"@context\":\"https:\\\/\\\/schema.org\",\"@graph\":[{\"@type\":\"WebPage\",\"@id\":\"https:\\\/\\\/dasaffalterbach.com\\\/en\\\/wellness\\\/\",\"url\":\"https:\\\/\\\/dasaffalterbach.com\\\/en\\\/wellness\\\/\",\"name\":\"Wellness - pure relaxation | The Affalterbach\",\"isPartOf\":{\"@id\":\"https:\\\/\\\/dasaffalterbach.com\\\/en\\\/#website\"},\"datePublished\":\"2025-01-21T16:48:10+00:00\",\"dateModified\":\"2026-04-07T09:51:51+00:00\",\"description\":\"Treat yourself to rest and relaxation: sauna, relaxation area and relaxing ambience in the hotel's own wellness area: simply switch off and feel good.\",\"breadcrumb\":{\"@id\":\"https:\\\/\\\/dasaffalterbach.com\\\/en\\\/wellness\\\/#breadcrumb\"},\"inLanguage\":\"en-US\",\"potentialAction\":[{\"@type\":\"ReadAction\",\"target\":[\"https:\\\/\\\/dasaffalterbach.com\\\/en\\\/wellness\\\/\"]}]},{\"@type\":\"BreadcrumbList\",\"@id\":\"https:\\\/\\\/dasaffalterbach.com\\\/en\\\/wellness\\\/#breadcrumb\",\"itemListElement\":[{\"@type\":\"ListItem\",\"position\":1,\"name\":\"Startseite\",\"item\":\"https:\\\/\\\/dasaffalterbach.com\\\/en\\\/\"},{\"@type\":\"ListItem\",\"position\":2,\"name\":\"Wellness\"}]},{\"@type\":\"WebSite\",\"@id\":\"https:\\\/\\\/dasaffalterbach.com\\\/en\\\/#website\",\"url\":\"https:\\\/\\\/dasaffalterbach.com\\\/en\\\/\",\"name\":\"Autograph Collection Hotels\",\"description\":\"Autograph Collection Hotels\",\"publisher\":{\"@id\":\"https:\\\/\\\/dasaffalterbach.com\\\/en\\\/#organization\"},\"potentialAction\":[{\"@type\":\"SearchAction\",\"target\":{\"@type\":\"EntryPoint\",\"urlTemplate\":\"https:\\\/\\\/dasaffalterbach.com\\\/en\\\/?s={search_term_string}\"},\"query-input\":{\"@type\":\"PropertyValueSpecification\",\"valueRequired\":true,\"valueName\":\"search_term_string\"}}],\"inLanguage\":\"en-US\"},{\"@type\":\"Organization\",\"@id\":\"https:\\\/\\\/dasaffalterbach.com\\\/en\\\/#organization\",\"name\":\"Autograph Collection Hotels\",\"url\":\"https:\\\/\\\/dasaffalterbach.com\\\/en\\\/\",\"logo\":{\"@type\":\"ImageObject\",\"inLanguage\":\"en-US\",\"@id\":\"https:\\\/\\\/dasaffalterbach.com\\\/en\\\/#\\\/schema\\\/logo\\\/image\\\/\",\"url\":\"https:\\\/\\\/dasaffalterbach.com\\\/wp-content\\\/uploads\\\/2024\\\/09\\\/favicon.png\",\"contentUrl\":\"https:\\\/\\\/dasaffalterbach.com\\\/wp-content\\\/uploads\\\/2024\\\/09\\\/favicon.png\",\"width\":512,\"height\":512,\"caption\":\"Autograph Collection Hotels\"},\"image\":{\"@id\":\"https:\\\/\\\/dasaffalterbach.com\\\/en\\\/#\\\/schema\\\/logo\\\/image\\\/\"}}]}<\/script>\n<!-- \/ Yoast SEO plugin. -->","yoast_head_json":{"title":"Wellness - pure relaxation | The Affalterbach","description":"Treat yourself to rest and relaxation: sauna, relaxation area and relaxing ambience in the hotel's own wellness area: simply switch off and feel good.","robots":{"index":"index","follow":"follow","max-snippet":"max-snippet:-1","max-image-preview":"max-image-preview:large","max-video-preview":"max-video-preview:-1"},"canonical":"https:\/\/dasaffalterbach.com\/en\/wellness\/","og_locale":"en_US","og_type":"article","og_title":"Wellness - pure relaxation | The Affalterbach","og_description":"Treat yourself to rest and relaxation: sauna, relaxation area and relaxing ambience in the hotel's own wellness area: simply switch off and feel good.","og_url":"https:\/\/dasaffalterbach.com\/en\/wellness\/","og_site_name":"Das Affalterbach","article_modified_time":"2026-04-07T09:51:51+00:00","twitter_card":"summary_large_image","schema":{"@context":"https:\/\/schema.org","@graph":[{"@type":"WebPage","@id":"https:\/\/dasaffalterbach.com\/en\/wellness\/","url":"https:\/\/dasaffalterbach.com\/en\/wellness\/","name":"Wellness - pure relaxation | The Affalterbach","isPartOf":{"@id":"https:\/\/dasaffalterbach.com\/en\/#website"},"datePublished":"2025-01-21T16:48:10+00:00","dateModified":"2026-04-07T09:51:51+00:00","description":"Treat yourself to rest and relaxation: sauna, relaxation area and relaxing ambience in the hotel's own wellness area: simply switch off and feel good.","breadcrumb":{"@id":"https:\/\/dasaffalterbach.com\/en\/wellness\/#breadcrumb"},"inLanguage":"en-US","potentialAction":[{"@type":"ReadAction","target":["https:\/\/dasaffalterbach.com\/en\/wellness\/"]}]},{"@type":"BreadcrumbList","@id":"https:\/\/dasaffalterbach.com\/en\/wellness\/#breadcrumb","itemListElement":[{"@type":"ListItem","position":1,"name":"Startseite","item":"https:\/\/dasaffalterbach.com\/en\/"},{"@type":"ListItem","position":2,"name":"Wellness"}]},{"@type":"WebSite","@id":"https:\/\/dasaffalterbach.com\/en\/#website","url":"https:\/\/dasaffalterbach.com\/en\/","name":"Autograph Collection Hotels","description":"Autograph Collection Hotels","publisher":{"@id":"https:\/\/dasaffalterbach.com\/en\/#organization"},"potentialAction":[{"@type":"SearchAction","target":{"@type":"EntryPoint","urlTemplate":"https:\/\/dasaffalterbach.com\/en\/?s={search_term_string}"},"query-input":{"@type":"PropertyValueSpecification","valueRequired":true,"valueName":"search_term_string"}}],"inLanguage":"en-US"},{"@type":"Organization","@id":"https:\/\/dasaffalterbach.com\/en\/#organization","name":"Autograph Collection Hotels","url":"https:\/\/dasaffalterbach.com\/en\/","logo":{"@type":"ImageObject","inLanguage":"en-US","@id":"https:\/\/dasaffalterbach.com\/en\/#\/schema\/logo\/image\/","url":"https:\/\/dasaffalterbach.com\/wp-content\/uploads\/2024\/09\/favicon.png","contentUrl":"https:\/\/dasaffalterbach.com\/wp-content\/uploads\/2024\/09\/favicon.png","width":512,"height":512,"caption":"Autograph Collection Hotels"},"image":{"@id":"https:\/\/dasaffalterbach.com\/en\/#\/schema\/logo\/image\/"}}]}},"_links":{"self":[{"href":"https:\/\/dasaffalterbach.com\/en\/wp-json\/wp\/v2\/pages\/1108","targetHints":{"allow":["GET"]}}],"collection":[{"href":"https:\/\/dasaffalterbach.com\/en\/wp-json\/wp\/v2\/pages"}],"about":[{"href":"https:\/\/dasaffalterbach.com\/en\/wp-json\/wp\/v2\/types\/page"}],"author":[{"embeddable":true,"href":"https:\/\/dasaffalterbach.com\/en\/wp-json\/wp\/v2\/users\/1"}],"replies":[{"embeddable":true,"href":"https:\/\/dasaffalterbach.com\/en\/wp-json\/wp\/v2\/comments?post=1108"}],"version-history":[{"count":14,"href":"https:\/\/dasaffalterbach.com\/en\/wp-json\/wp\/v2\/pages\/1108\/revisions"}],"predecessor-version":[{"id":3617,"href":"https:\/\/dasaffalterbach.com\/en\/wp-json\/wp\/v2\/pages\/1108\/revisions\/3617"}],"wp:attachment":[{"href":"https:\/\/dasaffalterbach.com\/en\/wp-json\/wp\/v2\/media?parent=1108"}],"curies":[{"name":"wp","href":"https:\/\/api.w.org\/{rel}","templated":true}]}}