{"id":3338,"date":"2026-02-21T14:22:39","date_gmt":"2026-02-21T14:22:39","guid":{"rendered":"https:\/\/dasaffalterbach.com\/meetings-and-celebrations\/weddings\/"},"modified":"2026-02-21T16:19:10","modified_gmt":"2026-02-21T16:19:10","slug":"weddings","status":"publish","type":"page","link":"https:\/\/dasaffalterbach.com\/en\/meetings-and-celebrations\/weddings\/","title":{"rendered":"Weddings"},"content":{"rendered":"\n<section id=\"m-hero__container-block_99ca6d35b07947593b8425d49b5c7995\" class=\"m-parallax__image u-flex u-ai-center u-jc-centerm-hero__container  u-color-white u-relative\"><div class=\"u-absolute u-pos--top u-pos--left u-full--width u-full--height jarallax\" data-jarallax><img decoding=\"async\" src=\"https:\/\/dasaffalterbach.com\/wp-content\/uploads\/2026\/02\/Header_Hochzeiten-1920x1000.jpg\" width=\"1920\" height=\"1000\" sizes=\"(max-width: 1920px) 100vw, 1920px\" alt=\"Ein Paar lehnt mit geschlossenen Augen innig aneinander, der Mann h\u00e4lt ein Weinglas; elegante Kleidung. Kerzenlicht beleuchtet einen gedeckten Tisch in der Nacht.\n\" class=\"jarallax-img\" \/><\/div><div class=\"o-container u-full--width u-pt-x15 u-pb-x15 u-pt-x20@md u-pb-x20@md\">\n        <div class=\"o-grid o-grid--center u-text-center\">\n            <div class=\"o-grid__col u-12\/12@md u-mt-x6 u-mt-x0@sm\" data-aos=\"zoom-out\">\n                <h1 style=\"text-align: center;\">Weddings<\/h1>\n\n            <\/div>\n        <\/div>\n    <\/div><\/section>\n<section id=\"m-text__container-block_878c2005928c1f6da912984e70c07127\" class=\"m-text__container u-pt-x10 u-pb-x0 u-pt-x20@md u-pb-x0@md\">\n    <div class=\"o-container\">\n        <div class=\"o-grid o-grid--center\">\n                <div class=\"o-grid__col u-8\/12@md\" data-aos=\"fade-up\">\n                    <h2 style=\"text-align: center;\">Weddings<\/h2>\n<p style=\"text-align: center;\">At DAS AFFALTERBACH, your wedding will be a celebration with personality. Whether it&#8217;s a free wedding ceremony in the countryside, a stylish reception or an exuberant celebration into the night, our versatile rooms, excellent cuisine and experienced event team will accompany you from the initial idea to the big day. Individually planned, implemented with attention to detail and always with the aim of making your wedding as unique as you are.<\/p>\n\n                <\/div>\n        <\/div>\n    <\/div>\n<\/section>\n<section id=\"m-button__container-block_8868e6e0bd8e7d85ff57c0dd8f534448\" class=\"m-button__container u-pt-x0 u-pb-x0 u-pt-x5@md u-pb-x0@md : Kein Hintergrund\">\n    <div class=\"o-container\">\n        <div class=\"o-grid u-text-center\">\n            <div class=\"o-grid__col u-12\/12@md\" data-aos=\"fade-up\">\n                <a href=\"mailto:events@dasaffalterbach.com\" class=\"c-btn c-btn__primary\">Request now<\/a>\n            <\/div>\n        <\/div>\n    <\/div>\n<\/section>\n<section id=\"m-media-text__container-block_f3f8b3b69aabc8a3d2d004456e359cdc\" class=\"m-media-text__container u-pt-x15 u-pb-x0 u-pt-x30@md u-pb-x0@md\">\n    <div class=\"o-container\">\n        <div class=\"o-grid o-grid--x12 o-grid--middle\">\n            <div class=\"o-grid__col u-6\/12@sm u-7\/12@md u-mb--x8 u-mb-x0@md\" data-aos=\"fade\"><figure class=\"a-parallax__image u-mt-x10\"><img decoding=\"async\" src=\"https:\/\/dasaffalterbach.com\/wp-content\/uploads\/2026\/02\/Hochzeiten_Raeumlichkeiten-1024x640.jpeg\" width=\"1024\" height=\"640\" srcset=\"https:\/\/dasaffalterbach.com\/wp-content\/uploads\/2026\/02\/Hochzeiten_Raeumlichkeiten-1024x640.jpeg 1024w, https:\/\/dasaffalterbach.com\/wp-content\/uploads\/2026\/02\/Hochzeiten_Raeumlichkeiten-600x375.jpeg 600w, https:\/\/dasaffalterbach.com\/wp-content\/uploads\/2026\/02\/Hochzeiten_Raeumlichkeiten-768x480.jpeg 768w, https:\/\/dasaffalterbach.com\/wp-content\/uploads\/2026\/02\/Hochzeiten_Raeumlichkeiten.jpeg 1200w\" sizes=\"(max-width: 1024px) 100vw, 1024px\" alt=\"Langer, festlich gedeckter Holztisch mit Gl\u00e4sern, Tellern, Besteck und kleinen Blumenarrangements\n\" \/><\/figure>\n            <\/div>\n            <div class=\"o-grid__col u-6\/12@sm u-5\/12@md u-mt-x3 u-mt-x0@sm\" data-aos=\"fade\">\n                <h2>Premises<\/h2>\n<p>In the midst of modern design and lots of greenery, you can celebrate your wedding in a setting that gives room for emotions. Whether in a small group or with up to 140 guests, our team will accompany you with attention to detail, high-quality cuisine and a sure instinct for your special day.<\/p>\n<p><a class=\"c-btn c-btn__primary u-mt-x3\" href=\"https:\/\/dasaffalterbach.com\/tagen-und-feiern\/raeumlichkeiten\/\">To the premises<\/a><\/p>\n\n            <\/div>\n        <\/div>\n    <\/div>\n<\/section>\n<section id=\"m-media-text__container-block_b8ad88e7db22a6ce237d6159f0f64b9c\" class=\"m-media-text__container u-pt-x10 u-pb-x5 u-pt-x15@md u-pb-x10@md\">\n    <div class=\"o-container\">\n        <div class=\"o-grid o-grid--x12 o-grid--rev o-grid--middle\">\n            <div class=\"o-grid__col u-6\/12@sm u-7\/12@md u-mb--x8 u-mb-x0@md\" data-aos=\"fade\"><figure class=\"a-parallax__image u-mt-x10\"><img decoding=\"async\" src=\"https:\/\/dasaffalterbach.com\/wp-content\/uploads\/2026\/02\/Fingerfood-1024x640.jpeg\" width=\"1024\" height=\"640\" srcset=\"https:\/\/dasaffalterbach.com\/wp-content\/uploads\/2026\/02\/Fingerfood-1024x640.jpeg 1024w, https:\/\/dasaffalterbach.com\/wp-content\/uploads\/2026\/02\/Fingerfood-600x375.jpeg 600w, https:\/\/dasaffalterbach.com\/wp-content\/uploads\/2026\/02\/Fingerfood-768x480.jpeg 768w, https:\/\/dasaffalterbach.com\/wp-content\/uploads\/2026\/02\/Fingerfood.jpeg 1200w\" sizes=\"(max-width: 1024px) 100vw, 1024px\" alt=\"Kleine Reiscracker-H\u00e4ppchen mit R\u00e4ucherlachs, Sauce und Sprossen, auf einem schwarzen Tablett angerichtet\n\" \/><\/figure>\n            <\/div>\n            <div class=\"o-grid__col u-6\/12@sm u-5\/12@md u-mt-x3 u-mt-x0@sm\" data-aos=\"fade\">\n                <h2>Flying finger food<\/h2>\n<p>Our cuisine combines high-quality products with creative variety and regional accents. Finely tuned hot and cold components are served while your guests chat in a relaxed atmosphere. The varied selection is ideal for receptions or parties where the focus is on enjoyment and communication.<\/p>\n<p>The menu shown serves as an example, of course we are also happy to put together the finger food according to your wishes.<\/p>\n<p><a class=\"c-btn c-btn__primary u-mt-x3\" href=\"https:\/\/dasaffalterbach.com\/wp-content\/uploads\/2026\/02\/Beispiel_Flying_Fingerfood.pdf\" target=\"_blank\" rel=\"noopener\">View Flying Fingerfood<\/a><\/p>\n\n            <\/div>\n        <\/div>\n    <\/div>\n<\/section>\n<section id=\"m-media-text__container-block_84384efb0c8352b498c079bcbdb7f8ae\" class=\"m-media-text__container u-pt-x10 u-pb-x10 u-pt-x15@md u-pb-x20@md\">\n    <div class=\"o-container\">\n        <div class=\"o-grid o-grid--x12 o-grid--middle\">\n            <div class=\"o-grid__col u-6\/12@sm u-7\/12@md u-mb--x8 u-mb-x0@md\" data-aos=\"fade\"><figure class=\"a-parallax__image u-mt-x10\"><img decoding=\"async\" src=\"https:\/\/dasaffalterbach.com\/wp-content\/uploads\/2026\/02\/Menues-1024x640.jpg\" width=\"1024\" height=\"640\" srcset=\"https:\/\/dasaffalterbach.com\/wp-content\/uploads\/2026\/02\/Menues-1024x640.jpg 1024w, https:\/\/dasaffalterbach.com\/wp-content\/uploads\/2026\/02\/Menues-600x375.jpg 600w, https:\/\/dasaffalterbach.com\/wp-content\/uploads\/2026\/02\/Menues-768x480.jpg 768w, https:\/\/dasaffalterbach.com\/wp-content\/uploads\/2026\/02\/Menues.jpg 1200w\" sizes=\"(max-width: 1024px) 100vw, 1024px\" alt=\"Eine runde Terrine ist garniert mit einem roten Sorbet\n\" \/><\/figure>\n            <\/div>\n            <div class=\"o-grid__col u-6\/12@sm u-5\/12@md u-mt-x3 u-mt-x0@sm\" data-aos=\"fade\">\n                <h2>Example menus<\/h2>\n<p>Our sample menus give you an impression of our kitchen philosophy and the culinary variety at DAS AFFALTERBACH. High-quality products, seasonal accents and finely tuned courses form the basis for enjoyable events in a stylish setting.<\/p>\n<p>The menus shown are suggestions; we will of course adapt the sequence of dishes, courses and components to your individual wishes, preferences and any intolerances.<\/p>\n<p><a class=\"c-btn c-btn__primary u-mt-x3\" href=\"https:\/\/dasaffalterbach.com\/wp-content\/uploads\/2026\/02\/Beispiel_Menues.pdf\" target=\"_blank\" rel=\"noopener\">View sample menus<\/a><\/p>\n\n            <\/div>\n        <\/div>\n    <\/div>\n<\/section>\n<section id=\"m-slider__container-block_504f8792aeab81cb8f2a8f214d26eb4c\" class=\"m-slider__container u-pt-x10 u-pb-x10 u-pt-x20@md u-pb-x20@md u-bgcolor-gray-dark\">\n\t<div class=\"o-container\">\n\t\t<div class=\"o-grid o-grid--center\">\n\t\t\t<div class=\"o-grid__col u-8\/12@md\">\n\t\t\t    <div class=\"m-slider u-relative\" data-aos=\"fade\">\n\t\t\t        \t<figure class=\"u-relative\">\n\t\t\t            <img decoding=\"async\" src=\"https:\/\/dasaffalterbach.com\/wp-content\/uploads\/2026\/02\/01_Galerie-Hochzeiten-1300x810.jpg\" width=\"1300\" height=\"810\" sizes=\"(max-width: 1300px) 100vw, 1300px\" alt=\"Bar mit schwarzer Marmorfront mit Barhockern; davor Ledersofas, Sessel und Pflanzen in einer modernen Hotel-Lobby  im Hotel nahe Stuttgart\n\" class=\"u-full--width\" \/><\/figure>\n\t\t\t        \t<figure class=\"u-relative\">\n\t\t\t            <img decoding=\"async\" src=\"https:\/\/dasaffalterbach.com\/wp-content\/uploads\/2026\/02\/02_Galerie-Hochzeiten-1300x810.jpeg\" width=\"1300\" height=\"810\" sizes=\"(max-width: 1300px) 100vw, 1300px\" alt=\"Langer schwarzer Esstisch, gedeckt mit Tellern, Weingl\u00e4sern, Servietten und kleinen Blumenarrangements in der Eventlocation nahe Stuttgart\n\" class=\"u-full--width\" \/><\/figure>\n\t\t\t        \t<figure class=\"u-relative\">\n\t\t\t            <img decoding=\"async\" src=\"https:\/\/dasaffalterbach.com\/wp-content\/uploads\/2026\/02\/03_Galerie-Hochzeiten-1300x810.jpg\" width=\"1300\" height=\"810\" sizes=\"(max-width: 1300px) 100vw, 1300px\" alt=\"Gedeckte Tischgruppen stehen ordentlich verteilt im Restaurant in Affalterbach\n\" class=\"u-full--width\" \/><\/figure>\n\t\t\t        \t<figure class=\"u-relative\">\n\t\t\t            <img decoding=\"async\" src=\"https:\/\/dasaffalterbach.com\/wp-content\/uploads\/2026\/02\/04_Galerie-Hochzeiten-1300x810.jpg\" width=\"1300\" height=\"810\" sizes=\"(max-width: 1300px) 100vw, 1300px\" alt=\"Rundes Terrinenst\u00fcck, von einer roten Sorbet\u2011Quenelle belegt, ruht auf einem gro\u00dfen wei\u00dfen Teller\n\" class=\"u-full--width\" \/><\/figure>\n\t\t\t        \t<figure class=\"u-relative\">\n\t\t\t            <img decoding=\"async\" src=\"https:\/\/dasaffalterbach.com\/wp-content\/uploads\/2026\/02\/05_Galerie-Hochzeiten-1300x810.jpg\" width=\"1300\" height=\"810\" sizes=\"(max-width: 1300px) 100vw, 1300px\" alt=\"Mehrgeschossiges Tagungshotel grenzt an eine Terrasse mit Tischen und Sonnenschirmen; gepflegter Rasen im Vordergrund, einzelne B\u00e4ume am Rand, klarer blauer Himmel\n\" class=\"u-full--width\" \/><\/figure>\n\t\t\t        \t<figure class=\"u-relative\">\n\t\t\t            <img decoding=\"async\" src=\"https:\/\/dasaffalterbach.com\/wp-content\/uploads\/2026\/02\/06_Galerie-Hochzeiten-1300x810.jpg\" width=\"1300\" height=\"810\" sizes=\"(max-width: 1300px) 100vw, 1300px\" alt=\"Bett im Vordergrund; zwei verschwommene Personen gehen daran vorbei; modernes Hotelzimmer mit freistehender Badewanne\n\" class=\"u-full--width\" \/><\/figure>\n\t\t\t        \t<figure class=\"u-relative\">\n\t\t\t            <img decoding=\"async\" src=\"https:\/\/dasaffalterbach.com\/wp-content\/uploads\/2026\/02\/07_Galerie-Hochzeiten-1300x810.jpeg\" width=\"1300\" height=\"810\" sizes=\"(max-width: 1300px) 100vw, 1300px\" alt=\"Gedeckter schwarzer Esstisch mit Tellern, Weingl\u00e4sern und grauen Stoffservietten; Vasen mit Blumen stehen zwischen den Pl\u00e4tzen; elegante schwarze St\u00fchle vor samtigen Vorh\u00e4ngen\n\" class=\"u-full--width\" \/><\/figure>\n\t\t\t        \t<figure class=\"u-relative\">\n\t\t\t            <img decoding=\"async\" src=\"https:\/\/dasaffalterbach.com\/wp-content\/uploads\/2026\/02\/08_Galerie-Hochzeiten-1-1300x810.jpg\" width=\"1300\" height=\"810\" sizes=\"(max-width: 1300px) 100vw, 1300px\" alt=\"17_Galerie-Exklusivbuchung\" class=\"u-full--width\" \/><\/figure>\n\t\t\t        \t<figure class=\"u-relative\">\n\t\t\t            <img decoding=\"async\" src=\"https:\/\/dasaffalterbach.com\/wp-content\/uploads\/2026\/02\/09_Galerie-Hochzeiten-1300x810.jpg\" width=\"1300\" height=\"810\" sizes=\"(max-width: 1300px) 100vw, 1300px\" alt=\"Kaffeetheke steht bereit mit Gl\u00e4sern, Espressomaschine und Blumen; dar\u00fcber h\u00e4ngen gro\u00dfe kreisf\u00f6rmige LED-Leuchten; abstrakte Gem\u00e4lde an hohen W\u00e4nden\n\" class=\"u-full--width\" \/><\/figure>\n\t\t\t        \t<figure class=\"u-relative\">\n\t\t\t            <img decoding=\"async\" src=\"https:\/\/dasaffalterbach.com\/wp-content\/uploads\/2026\/02\/10_Galerie-Hochzeiten-1300x810.jpg\" width=\"1300\" height=\"810\" sizes=\"(max-width: 1300px) 100vw, 1300px\" alt=\"Modernes, verglastes Tagungshotel reflektiert Nachbarfassade und Himmel, steht an einer ruhigen Vorstadtstra\u00dfe mit niedrigem Gr\u00fcnstreifen, Blumenbeeten\n\" class=\"u-full--width\" \/><\/figure>\n\t\t\t        \t<figure class=\"u-relative\">\n\t\t\t            <img decoding=\"async\" src=\"https:\/\/dasaffalterbach.com\/wp-content\/uploads\/2026\/02\/11_Galerie-Hochzeiten-1300x810.jpg\" width=\"1300\" height=\"810\" sizes=\"(max-width: 1300px) 100vw, 1300px\" alt=\"Modernes Restaurantinterieur, Tischgruppen sind mit Tellern, Gl\u00e4sern und Besteck gedeckt; Restaurant in Affalterbach\n\" class=\"u-full--width\" \/><\/figure>\n\t\t\t        \t<figure class=\"u-relative\">\n\t\t\t            <img decoding=\"async\" src=\"https:\/\/dasaffalterbach.com\/wp-content\/uploads\/2026\/02\/12_Galerie-Hochzeiten-1300x810.jpg\" width=\"1300\" height=\"810\" sizes=\"(max-width: 1300px) 100vw, 1300px\" alt=\"Frau sitzt l\u00e4chelnd auf rotem Sofa, Beine \u00fcbereinandergeschlagen; ein Mann geht verschwommen vorbei; schr\u00e4g einfallendes Sonnenlicht, Pflanzen, abstraktes Gem\u00e4lde und niedrige Hocker.\n\" class=\"u-full--width\" \/><\/figure>\n\t\t\t        \t<figure class=\"u-relative\">\n\t\t\t            <img decoding=\"async\" src=\"https:\/\/dasaffalterbach.com\/wp-content\/uploads\/2026\/02\/13_Galerie-Hochzeiten-1300x810.jpg\" width=\"1300\" height=\"810\" sizes=\"(max-width: 1300px) 100vw, 1300px\" alt=\"Gedeckte Restauranttische stehen im Vordergrund; durch ge\u00f6ffnete franz\u00f6sische T\u00fcren ist eine Terrasse mit St\u00fchlen und gro\u00dfem Sonnenschirm vor einem gr\u00fcnen Garten zu sehen.\n\" class=\"u-full--width\" \/><\/figure>\n\t\t\t        \t<figure class=\"u-relative\">\n\t\t\t            <img decoding=\"async\" src=\"https:\/\/dasaffalterbach.com\/wp-content\/uploads\/2026\/02\/14_Galerie-Hochzeiten-1300x810.jpeg\" width=\"1300\" height=\"810\" sizes=\"(max-width: 1300px) 100vw, 1300px\" alt=\"Gedeckter Tisch mit Weingl\u00e4ser, Tellern und rote Blumen im Restaurant in Affalterbach\n\" class=\"u-full--width\" \/><\/figure>\n\t\t\t        \t<figure class=\"u-relative\">\n\t\t\t            <img decoding=\"async\" src=\"https:\/\/dasaffalterbach.com\/wp-content\/uploads\/2026\/02\/15_Galerie-Hochzeiten-1300x810.jpeg\" width=\"1300\" height=\"810\" sizes=\"(max-width: 1300px) 100vw, 1300px\" alt=\"Ein St\u00fcck K\u00e4sekuchen liegt auf einem gro\u00dfen wei\u00dfen Teller, garniert mit Kirschkompott, Gelee, knusprigen Netz-Zesten, Sprossen und einer Kugel Vanilleeis\n\" class=\"u-full--width\" \/><\/figure>\n\t\t\t        \t<figure class=\"u-relative\">\n\t\t\t            <img decoding=\"async\" src=\"https:\/\/dasaffalterbach.com\/wp-content\/uploads\/2026\/02\/16_Galerie-Hochzeiten-1300x810.jpg\" width=\"1300\" height=\"810\" sizes=\"(max-width: 1300px) 100vw, 1300px\" alt=\"Au\u00dfenterrasse der Hochzeitslocation nahe Stuttgart mit mehreren gedeckten Tischen, die bestuhlt sind und unter gro\u00dfen ge\u00f6ffneten Sonnenschirmen zum Essen bereitstehen\n\" class=\"u-full--width\" \/><\/figure>\n\t\t\t        \t<figure class=\"u-relative\">\n\t\t\t            <img decoding=\"async\" src=\"https:\/\/dasaffalterbach.com\/wp-content\/uploads\/2026\/02\/17_Galerie-Hochzeiten-1300x810.jpg\" width=\"1300\" height=\"810\" sizes=\"(max-width: 1300px) 100vw, 1300px\" alt=\"Schriftzug &#039;Aufrecht &amp; Melcher&#039; und darunter &#039;BAR \u2022 RESTAURANT \u2022 PARK&#039; an einer strukturierten Innenwand; unscharfe Blumen im Vordergrund\n\" class=\"u-full--width\" \/><\/figure>\n\t\t\t    <\/div>\n\t\t    <\/div>\n\t    <\/div>\n    <\/div>\n<\/section>\n<section id=\"m-text__container-block_2067f084179d0a5d53df9fc909a52b84\" class=\"m-text__container u-pt-x10 u-pb-x0 u-pt-x20@md u-pb-x0@md : Kein Hintergrund\">\n    <div class=\"o-container\">\n        <div class=\"o-grid o-grid--center\">\n                <div class=\"o-grid__col u-8\/12@md\" data-aos=\"fade-up\">\n                    <h2 style=\"text-align: center;\">About us<\/h2>\n<p style=\"text-align: center;\">Nestled in the idyllic countryside around Affalterbach, just 40 minutes from Stuttgart, DAS AFFALTERBACH combines nature, design and automotive history in a very special way. The traditional location, steeped in motorsport history, forms the backdrop for a hotel with a clear identity and exceptional character.<\/p>\n<p style=\"text-align: center;\">The heart of the house is the lovingly restored historic &#8220;Aufrecht&#8221; villa, once the home and company headquarters of Hans Werner Aufrecht, co-founder of AMG. It meets a modern new building with almost 100 rooms and creates a harmonious combination of history, contemporary design and maximum comfort.<\/p>\n<p style=\"text-align: center;\">Thanks to its quiet location and good accessibility, DAS AFFALTERBACH. The ideal place for relaxation, inspiration and special occasions: whether a conference, celebration or private event, accompanied by excellent cuisine, stylish ambience and first-class service.<\/p>\n\n                <\/div>\n        <\/div>\n    <\/div>\n<\/section>\n<section id=\"m-button__container-block_eb0b19bf7652bec1d8e9629323e76c7f\" class=\"m-button__container u-pt-x0 u-pb-x10 u-pt-x5@md u-pb-x20@md : Kein Hintergrund\">\n    <div class=\"o-container\">\n        <div class=\"o-grid u-text-center\">\n            <div class=\"o-grid__col u-12\/12@md\" data-aos=\"fade-up\">\n                <a href=\"mailto:events@dasaffalterbach.com\" class=\"c-btn c-btn__primary\">Request now<\/a>\n            <\/div>\n        <\/div>\n    <\/div>\n<\/section>","protected":false},"excerpt":{"rendered":"","protected":false},"author":1,"featured_media":0,"parent":1103,"menu_order":4,"comment_status":"closed","ping_status":"closed","template":"","meta":{"_acf_changed":false,"footnotes":""},"class_list":["post-3338","page","type-page","status-publish","hentry"],"acf":[],"yoast_head":"<!-- This site is optimized with the Yoast SEO plugin v27.2 - https:\/\/yoast.com\/product\/yoast-seo-wordpress\/ -->\n<title>Weddings - Das Affalterbach<\/title>\n<meta name=\"robots\" content=\"index, follow, max-snippet:-1, max-image-preview:large, max-video-preview:-1\" \/>\n<link rel=\"canonical\" href=\"https:\/\/dasaffalterbach.com\/en\/meetings-and-celebrations\/weddings\/\" \/>\n<meta property=\"og:locale\" content=\"en_US\" \/>\n<meta property=\"og:type\" content=\"article\" \/>\n<meta property=\"og:title\" content=\"Weddings - Das Affalterbach\" \/>\n<meta property=\"og:url\" content=\"https:\/\/dasaffalterbach.com\/en\/meetings-and-celebrations\/weddings\/\" \/>\n<meta property=\"og:site_name\" content=\"Das Affalterbach\" \/>\n<meta property=\"article:modified_time\" content=\"2026-02-21T16:19:10+00:00\" \/>\n<meta name=\"twitter:card\" content=\"summary_large_image\" \/>\n<script type=\"application\/ld+json\" class=\"yoast-schema-graph\">{\"@context\":\"https:\/\/schema.org\",\"@graph\":[{\"@type\":\"WebPage\",\"@id\":\"https:\/\/dasaffalterbach.com\/en\/meetings-and-celebrations\/weddings\/\",\"url\":\"https:\/\/dasaffalterbach.com\/en\/meetings-and-celebrations\/weddings\/\",\"name\":\"Weddings - Das Affalterbach\",\"isPartOf\":{\"@id\":\"https:\/\/dasaffalterbach.com\/en\/#website\"},\"datePublished\":\"2026-02-21T14:22:39+00:00\",\"dateModified\":\"2026-02-21T16:19:10+00:00\",\"breadcrumb\":{\"@id\":\"https:\/\/dasaffalterbach.com\/en\/meetings-and-celebrations\/weddings\/#breadcrumb\"},\"inLanguage\":\"en-US\",\"potentialAction\":[{\"@type\":\"ReadAction\",\"target\":[\"https:\/\/dasaffalterbach.com\/en\/meetings-and-celebrations\/weddings\/\"]}]},{\"@type\":\"BreadcrumbList\",\"@id\":\"https:\/\/dasaffalterbach.com\/en\/meetings-and-celebrations\/weddings\/#breadcrumb\",\"itemListElement\":[{\"@type\":\"ListItem\",\"position\":1,\"name\":\"Startseite\",\"item\":\"https:\/\/dasaffalterbach.com\/en\/\"},{\"@type\":\"ListItem\",\"position\":2,\"name\":\"Meetings &amp; celebrations\",\"item\":\"https:\/\/dasaffalterbach.com\/en\/meetings-and-celebrations\/\"},{\"@type\":\"ListItem\",\"position\":3,\"name\":\"Weddings\"}]},{\"@type\":\"WebSite\",\"@id\":\"https:\/\/dasaffalterbach.com\/en\/#website\",\"url\":\"https:\/\/dasaffalterbach.com\/en\/\",\"name\":\"Autograph Collection Hotels\",\"description\":\"Autograph Collection Hotels\",\"publisher\":{\"@id\":\"https:\/\/dasaffalterbach.com\/en\/#organization\"},\"potentialAction\":[{\"@type\":\"SearchAction\",\"target\":{\"@type\":\"EntryPoint\",\"urlTemplate\":\"https:\/\/dasaffalterbach.com\/en\/?s={search_term_string}\"},\"query-input\":{\"@type\":\"PropertyValueSpecification\",\"valueRequired\":true,\"valueName\":\"search_term_string\"}}],\"inLanguage\":\"en-US\"},{\"@type\":\"Organization\",\"@id\":\"https:\/\/dasaffalterbach.com\/en\/#organization\",\"name\":\"Autograph Collection Hotels\",\"url\":\"https:\/\/dasaffalterbach.com\/en\/\",\"logo\":{\"@type\":\"ImageObject\",\"inLanguage\":\"en-US\",\"@id\":\"https:\/\/dasaffalterbach.com\/en\/#\/schema\/logo\/image\/\",\"url\":\"https:\/\/dasaffalterbach.com\/wp-content\/uploads\/2024\/09\/favicon.png\",\"contentUrl\":\"https:\/\/dasaffalterbach.com\/wp-content\/uploads\/2024\/09\/favicon.png\",\"width\":512,\"height\":512,\"caption\":\"Autograph Collection Hotels\"},\"image\":{\"@id\":\"https:\/\/dasaffalterbach.com\/en\/#\/schema\/logo\/image\/\"}}]}<\/script>\n<!-- \/ Yoast SEO plugin. -->","yoast_head_json":{"title":"Weddings - Das Affalterbach","robots":{"index":"index","follow":"follow","max-snippet":"max-snippet:-1","max-image-preview":"max-image-preview:large","max-video-preview":"max-video-preview:-1"},"canonical":"https:\/\/dasaffalterbach.com\/en\/meetings-and-celebrations\/weddings\/","og_locale":"en_US","og_type":"article","og_title":"Weddings - Das Affalterbach","og_url":"https:\/\/dasaffalterbach.com\/en\/meetings-and-celebrations\/weddings\/","og_site_name":"Das Affalterbach","article_modified_time":"2026-02-21T16:19:10+00:00","twitter_card":"summary_large_image","schema":{"@context":"https:\/\/schema.org","@graph":[{"@type":"WebPage","@id":"https:\/\/dasaffalterbach.com\/en\/meetings-and-celebrations\/weddings\/","url":"https:\/\/dasaffalterbach.com\/en\/meetings-and-celebrations\/weddings\/","name":"Weddings - Das Affalterbach","isPartOf":{"@id":"https:\/\/dasaffalterbach.com\/en\/#website"},"datePublished":"2026-02-21T14:22:39+00:00","dateModified":"2026-02-21T16:19:10+00:00","breadcrumb":{"@id":"https:\/\/dasaffalterbach.com\/en\/meetings-and-celebrations\/weddings\/#breadcrumb"},"inLanguage":"en-US","potentialAction":[{"@type":"ReadAction","target":["https:\/\/dasaffalterbach.com\/en\/meetings-and-celebrations\/weddings\/"]}]},{"@type":"BreadcrumbList","@id":"https:\/\/dasaffalterbach.com\/en\/meetings-and-celebrations\/weddings\/#breadcrumb","itemListElement":[{"@type":"ListItem","position":1,"name":"Startseite","item":"https:\/\/dasaffalterbach.com\/en\/"},{"@type":"ListItem","position":2,"name":"Meetings &amp; celebrations","item":"https:\/\/dasaffalterbach.com\/en\/meetings-and-celebrations\/"},{"@type":"ListItem","position":3,"name":"Weddings"}]},{"@type":"WebSite","@id":"https:\/\/dasaffalterbach.com\/en\/#website","url":"https:\/\/dasaffalterbach.com\/en\/","name":"Autograph Collection Hotels","description":"Autograph Collection Hotels","publisher":{"@id":"https:\/\/dasaffalterbach.com\/en\/#organization"},"potentialAction":[{"@type":"SearchAction","target":{"@type":"EntryPoint","urlTemplate":"https:\/\/dasaffalterbach.com\/en\/?s={search_term_string}"},"query-input":{"@type":"PropertyValueSpecification","valueRequired":true,"valueName":"search_term_string"}}],"inLanguage":"en-US"},{"@type":"Organization","@id":"https:\/\/dasaffalterbach.com\/en\/#organization","name":"Autograph Collection Hotels","url":"https:\/\/dasaffalterbach.com\/en\/","logo":{"@type":"ImageObject","inLanguage":"en-US","@id":"https:\/\/dasaffalterbach.com\/en\/#\/schema\/logo\/image\/","url":"https:\/\/dasaffalterbach.com\/wp-content\/uploads\/2024\/09\/favicon.png","contentUrl":"https:\/\/dasaffalterbach.com\/wp-content\/uploads\/2024\/09\/favicon.png","width":512,"height":512,"caption":"Autograph Collection Hotels"},"image":{"@id":"https:\/\/dasaffalterbach.com\/en\/#\/schema\/logo\/image\/"}}]}},"_links":{"self":[{"href":"https:\/\/dasaffalterbach.com\/en\/wp-json\/wp\/v2\/pages\/3338","targetHints":{"allow":["GET"]}}],"collection":[{"href":"https:\/\/dasaffalterbach.com\/en\/wp-json\/wp\/v2\/pages"}],"about":[{"href":"https:\/\/dasaffalterbach.com\/en\/wp-json\/wp\/v2\/types\/page"}],"author":[{"embeddable":true,"href":"https:\/\/dasaffalterbach.com\/en\/wp-json\/wp\/v2\/users\/1"}],"replies":[{"embeddable":true,"href":"https:\/\/dasaffalterbach.com\/en\/wp-json\/wp\/v2\/comments?post=3338"}],"version-history":[{"count":1,"href":"https:\/\/dasaffalterbach.com\/en\/wp-json\/wp\/v2\/pages\/3338\/revisions"}],"predecessor-version":[{"id":3358,"href":"https:\/\/dasaffalterbach.com\/en\/wp-json\/wp\/v2\/pages\/3338\/revisions\/3358"}],"up":[{"embeddable":true,"href":"https:\/\/dasaffalterbach.com\/en\/wp-json\/wp\/v2\/pages\/1103"}],"wp:attachment":[{"href":"https:\/\/dasaffalterbach.com\/en\/wp-json\/wp\/v2\/media?parent=3338"}],"curies":[{"name":"wp","href":"https:\/\/api.w.org\/{rel}","templated":true}]}}