{"id":3406,"date":"2026-02-21T14:33:58","date_gmt":"2026-02-21T14:33:58","guid":{"rendered":"https:\/\/dasaffalterbach.com\/meetings-and-celebrations\/exclusive-booking\/"},"modified":"2026-02-21T16:19:45","modified_gmt":"2026-02-21T16:19:45","slug":"exclusive-booking","status":"publish","type":"page","link":"https:\/\/dasaffalterbach.com\/en\/meetings-and-celebrations\/exclusive-booking\/","title":{"rendered":"Exclusive booking"},"content":{"rendered":"\n<section id=\"m-hero__container-block_3fe63fe66d9e0c9500faccc54a53c797\" class=\"m-parallax__image u-flex u-ai-center u-jc-centerm-hero__container  u-color-white u-relative\"><div class=\"u-absolute u-pos--top u-pos--left u-full--width u-full--height jarallax\" data-jarallax><img decoding=\"async\" src=\"https:\/\/dasaffalterbach.com\/wp-content\/uploads\/2026\/02\/Header_Exklusivbuchung-1920x1000.jpg\" width=\"1920\" height=\"1000\" sizes=\"(max-width: 1920px) 100vw, 1920px\" alt=\"&quot;Modernes, abgerundetes Hotel in der N\u00e4he von Stuttgart steht ruhig und spiegelt den Himmel; Eingangs-Vordach mit Pflanzen, Kreidetafel und Vorplatz mit Blumen.\n\nTranskribierter Text:\n- Auf der Tafel: BUSINESS LUNCH 12:00 - 14:00 UHR MONTAGS - FREITAGS\n- Am Geb\u00e4ude: AUTOGRAPH COLLECTION HOTEL&quot;\n\" class=\"jarallax-img\" \/><\/div><div class=\"o-container u-full--width u-pt-x15 u-pb-x15 u-pt-x20@md u-pb-x20@md\">\n        <div class=\"o-grid o-grid--center u-text-center\">\n            <div class=\"o-grid__col u-12\/12@md u-mt-x6 u-mt-x0@sm\" data-aos=\"zoom-out\">\n                <h1 style=\"text-align: center;\">Exclusive booking<\/h1>\n\n            <\/div>\n        <\/div>\n    <\/div><\/section>\n<section id=\"m-text__container-block_a8641c7d9b7445d5de33db1a3b8177ae\" class=\"m-text__container u-pt-x10 u-pb-x0 u-pt-x20@md u-pb-x0@md\">\n    <div class=\"o-container\">\n        <div class=\"o-grid o-grid--center\">\n                <div class=\"o-grid__col u-8\/12@md\" data-aos=\"fade-up\">\n                    <h2 style=\"text-align: center;\">Exclusive booking &#8211; The Affalterbach just for you<\/h2>\n<p style=\"text-align: center;\">With an exclusive booking, the entire hotel is yours and your group&#8217;s alone. Maximum privacy, unrestricted use of all rooms and a setting that is completely tailored to your wishes create a special experience far removed from the ordinary.<\/p>\n<p style=\"text-align: center;\">Whether wedding, corporate event or exclusive get-together, if you book the house exclusively, there is room for individual concepts, personal encounters and undisturbed moments. Our team will accompany you with a great deal of experience, attention and the ambition to make your event as unique as the occasion itself.<\/p>\n\n                <\/div>\n        <\/div>\n    <\/div>\n<\/section>\n<section id=\"m-button__container-block_79bb037117dcf9070c45e92f7b916df1\" class=\"m-button__container u-pt-x0 u-pb-x15 u-pt-x5@md u-pb-x25@md : Kein Hintergrund\">\n    <div class=\"o-container\">\n        <div class=\"o-grid u-text-center\">\n            <div class=\"o-grid__col u-12\/12@md\" data-aos=\"fade-up\">\n                <a href=\"mailto:events@dasaffalterbach.com\" class=\"c-btn c-btn__primary\">Request now<\/a>\n            <\/div>\n        <\/div>\n    <\/div>\n<\/section>\n<section id=\"m-slider__container-block_c8994128d92ba7301aa122a64d2be373\" class=\"m-slider__container u-pt-x10 u-pb-x10 u-pt-x20@md u-pb-x20@md u-bgcolor-gray-dark\">\n\t<div class=\"o-container\">\n\t\t<div class=\"o-grid o-grid--center\">\n\t\t\t<div class=\"o-grid__col u-8\/12@md\">\n\t\t\t    <div class=\"m-slider u-relative\" data-aos=\"fade\">\n\t\t\t        \t<figure class=\"u-relative\">\n\t\t\t            <img decoding=\"async\" src=\"https:\/\/dasaffalterbach.com\/wp-content\/uploads\/2026\/02\/01_Galerie-Exklusivbuchung-1300x810.jpg\" width=\"1300\" height=\"810\" sizes=\"(max-width: 1300px) 100vw, 1300px\" alt=\"Esstische mit gefalteten Servietten sind gedeckt; modernes, ruhig eingerichtetes Restaurant in Affalterbach mit schwarzen St\u00fchlen\n\" class=\"u-full--width\" \/><\/figure>\n\t\t\t        \t<figure class=\"u-relative\">\n\t\t\t            <img decoding=\"async\" src=\"https:\/\/dasaffalterbach.com\/wp-content\/uploads\/2026\/02\/02_Galerie-Exklusivbuchung-1300x810.jpg\" width=\"1300\" height=\"810\" sizes=\"(max-width: 1300px) 100vw, 1300px\" alt=\"Schwarze Marmorbar mit hohen Hockern, Blumenarrangement und Regalen voller Gl\u00e4ser; steht einsatzbereit in einer ruhigen, modernen Hotel-Lounge mit Sitzinseln und Pflanzen im Vordergrund.\n\" class=\"u-full--width\" \/><\/figure>\n\t\t\t        \t<figure class=\"u-relative\">\n\t\t\t            <img decoding=\"async\" src=\"https:\/\/dasaffalterbach.com\/wp-content\/uploads\/2026\/02\/03_Galerie-Exklusivbuchung-1300x810.jpg\" width=\"1300\" height=\"810\" sizes=\"(max-width: 1300px) 100vw, 1300px\" alt=\"Person sitzt entspannt auf dunkler Gartencouch im Hotel in der N\u00e4he von Stuttgart; zwei niedrige Couchtische mit Tischlampe\n\" class=\"u-full--width\" \/><\/figure>\n\t\t\t        \t<figure class=\"u-relative\">\n\t\t\t            <img decoding=\"async\" src=\"https:\/\/dasaffalterbach.com\/wp-content\/uploads\/2026\/02\/04_Galerie-Exklusivbuchung-1300x810.jpg\" width=\"1300\" height=\"810\" sizes=\"(max-width: 1300px) 100vw, 1300px\" alt=\"Modernes Glasgeb\u00e4ude empf\u00e4ngt G\u00e4ste; beleuchteter Eingangsbereich und geschwungene, mehrst\u00f6ckige Glasfassade reflektieren den Abendhimmel; Vorplatz mit jungen B\u00e4umen und niedriger Bepflanzung. Auf dem Schild steht: Das Alpenparkhotel.\n\" class=\"u-full--width\" \/><\/figure>\n\t\t\t        \t<figure class=\"u-relative\">\n\t\t\t            <img decoding=\"async\" src=\"https:\/\/dasaffalterbach.com\/wp-content\/uploads\/2026\/02\/05_Galerie-Exklusivbuchung-1300x810.jpg\" width=\"1300\" height=\"810\" sizes=\"(max-width: 1300px) 100vw, 1300px\" alt=\"Rotes, geschwungenes Ledersofa, in einer Lounge angeordnet, mit Kissen und blauen Hockern um niedrige Tische in der Hotel Lobby\n\" class=\"u-full--width\" \/><\/figure>\n\t\t\t        \t<figure class=\"u-relative\">\n\t\t\t            <img decoding=\"async\" src=\"https:\/\/dasaffalterbach.com\/wp-content\/uploads\/2026\/02\/06_Galerie-Exklusivbuchung-1300x810.jpg\" width=\"1300\" height=\"810\" sizes=\"(max-width: 1300px) 100vw, 1300px\" alt=\"Gro\u00dfes orangebraunes Sofaensemble, arrangiert um niedrige Beistelltische in moderner Hotellobby mit Panoramafenstern und Loungesesseln.\n\" class=\"u-full--width\" \/><\/figure>\n\t\t\t        \t<figure class=\"u-relative\">\n\t\t\t            <img decoding=\"async\" src=\"https:\/\/dasaffalterbach.com\/wp-content\/uploads\/2026\/02\/07_Galerie-Exklusivbuchung-1300x810.jpg\" width=\"1300\" height=\"810\" sizes=\"(max-width: 1300px) 100vw, 1300px\" alt=\"Esstische im Restaurant in Affalterbach gedeckt mit Weingl\u00e4sern und Besteck, einzelne schwarze St\u00fchle stehen bereit; heller, moderner Speiseraum mit gro\u00dfen Fenstern\n\" class=\"u-full--width\" \/><\/figure>\n\t\t\t        \t<figure class=\"u-relative\">\n\t\t\t            <img decoding=\"async\" src=\"https:\/\/dasaffalterbach.com\/wp-content\/uploads\/2026\/02\/08_Galerie-Exklusivbuchung-1300x810.jpg\" width=\"1300\" height=\"810\" sizes=\"(max-width: 1300px) 100vw, 1300px\" alt=\"&quot;Blick auf Wand im tagungshotel Stuttgart mit rundem Logo; zwei Sessel und Tisch mit Lampe davor; angrenzende Bar links, gl\u00e4serner Hoteleingang rechts, gro\u00dfer violetter Teppich im Vordergrund.\n\nText im Bild: BAR &lt;  \nROOMS \/ CONFERENCE \/ WELLNESS \/ WC&quot;\n\" class=\"u-full--width\" \/><\/figure>\n\t\t\t        \t<figure class=\"u-relative\">\n\t\t\t            <img decoding=\"async\" src=\"https:\/\/dasaffalterbach.com\/wp-content\/uploads\/2026\/02\/09_Galerie-Exklusivbuchung-1300x810.jpg\" width=\"1300\" height=\"810\" sizes=\"(max-width: 1300px) 100vw, 1300px\" alt=\"Bar-Theke im Vordergrund, Gl\u00e4ser und Getr\u00e4nke arrangiert; ringf\u00f6rmige Deckenleuchten h\u00e4ngen \u00fcber dem hohen Atrium\n\" class=\"u-full--width\" \/><\/figure>\n\t\t\t        \t<figure class=\"u-relative\">\n\t\t\t            <img decoding=\"async\" src=\"https:\/\/dasaffalterbach.com\/wp-content\/uploads\/2026\/02\/10_Galerie-Exklusivbuchung-1300x810.jpg\" width=\"1300\" height=\"810\" sizes=\"(max-width: 1300px) 100vw, 1300px\" alt=\"Innenpool im Hotel nahe Stuttgart liegt ruhig und spiegelt Sonnenlicht, vor gro\u00dfen Schiebet\u00fcren zum Garten \n\" class=\"u-full--width\" \/><\/figure>\n\t\t\t        \t<figure class=\"u-relative\">\n\t\t\t            <img decoding=\"async\" src=\"https:\/\/dasaffalterbach.com\/wp-content\/uploads\/2026\/02\/11_Galerie-Exklusivbuchung-1300x810.jpeg\" width=\"1300\" height=\"810\" sizes=\"(max-width: 1300px) 100vw, 1300px\" alt=\"Langer schwarzer Esstisch, gedeckt mit Tellern, Gl\u00e4sern, Servietten und kleinen Blumenvasen; mehrere drahtige Pendelleuchten h\u00e4ngen dar\u00fcber\n\" class=\"u-full--width\" \/><\/figure>\n\t\t\t        \t<figure class=\"u-relative\">\n\t\t\t            <img decoding=\"async\" src=\"https:\/\/dasaffalterbach.com\/wp-content\/uploads\/2026\/02\/12_Galerie-Exklusivbuchung-1300x810.jpeg\" width=\"1300\" height=\"810\" sizes=\"(max-width: 1300px) 100vw, 1300px\" alt=\"Steinskulptur steht vor einem Strauch mit wei\u00dfen Bl\u00fcten; umgeben von Rasen und hohen B\u00e4umen, neben einem modernen Hotelgeb\u00e4ude n\u00e4he Stuttgart\n\" class=\"u-full--width\" \/><\/figure>\n\t\t\t        \t<figure class=\"u-relative\">\n\t\t\t            <img decoding=\"async\" src=\"https:\/\/dasaffalterbach.com\/wp-content\/uploads\/2026\/02\/13_Galerie-Exklusivbuchung-1300x810.jpg\" width=\"1300\" height=\"810\" sizes=\"(max-width: 1300px) 100vw, 1300px\" alt=\"Spiegelfl\u00e4che reflektiert Terrassent\u00fcren und Sonnenliegen, trennt hellen, minimalistischen Fitnessraum mit Holzfu\u00dfboden, Regal mit Pflanzen und Yogamatten, Vorhang als Raumteiler, abstraktes Gem\u00e4lde an der Wand.\n\" class=\"u-full--width\" \/><\/figure>\n\t\t\t        \t<figure class=\"u-relative\">\n\t\t\t            <img decoding=\"async\" src=\"https:\/\/dasaffalterbach.com\/wp-content\/uploads\/2026\/02\/14_Galerie-Exklusivbuchung-1300x810.jpg\" width=\"1300\" height=\"810\" sizes=\"(max-width: 1300px) 100vw, 1300px\" alt=\"Gro\u00dfer Flachbildfernseher h\u00e4ngt \u00fcber einer schmalen Wandkonsole im Hotelzimmer nahe Stuttgart; ein senfgelbes Ledersofa und ein schwarzer Lounge-Sessel stehen davor\n\" class=\"u-full--width\" \/><\/figure>\n\t\t\t        \t<figure class=\"u-relative\">\n\t\t\t            <img decoding=\"async\" src=\"https:\/\/dasaffalterbach.com\/wp-content\/uploads\/2026\/02\/15_Galerie-Exklusivbuchung-1300x810.jpeg\" width=\"1300\" height=\"810\" sizes=\"(max-width: 1300px) 100vw, 1300px\" alt=\"Lange, schwarz gedeckte Tafel mit roten Men\u00fckarten an jedem Platz, gedeckt mit Gl\u00e4sern, Besteck und Blumen; runde Tische und bequeme beige St\u00fchle in modernem Restaurant in Affalterbach\n\" class=\"u-full--width\" \/><\/figure>\n\t\t\t        \t<figure class=\"u-relative\">\n\t\t\t            <img decoding=\"async\" src=\"https:\/\/dasaffalterbach.com\/wp-content\/uploads\/2026\/02\/16_Galerie-Exklusivbuchung-1300x810.jpg\" width=\"1300\" height=\"810\" sizes=\"(max-width: 1300px) 100vw, 1300px\" alt=\"Hotel-Lounge mit schwarzer Marmorbar und Barhockern; gem\u00fctliche Sofagruppen sind angeordnet, Zimmerpflanzen trennen Bereiche; dezente Wandkunst und Treppen f\u00fchren zu Fluren.\n\" class=\"u-full--width\" \/><\/figure>\n\t\t\t        \t<figure class=\"u-relative\">\n\t\t\t            <img decoding=\"async\" src=\"https:\/\/dasaffalterbach.com\/wp-content\/uploads\/2026\/02\/17_Galerie-Exklusivbuchung-1300x810.jpg\" width=\"1300\" height=\"810\" sizes=\"(max-width: 1300px) 100vw, 1300px\" alt=\"Dunkles klassisches Auto steht erh\u00f6ht und ausgestellt; auf Podest in einem modernen, lichtdurchfluteten Showroom mit Sitzgruppen, Pflanzen, Vorh\u00e4ngen und einem gr\u00fcnen Modellauto unter Glas.\n\" class=\"u-full--width\" \/><\/figure>\n\t\t\t    <\/div>\n\t\t    <\/div>\n\t    <\/div>\n    <\/div>\n<\/section>\n<section id=\"m-text__container-block_73cda1b1bf352fae4a1307d279187539\" class=\"m-text__container u-pt-x10 u-pb-x0 u-pt-x20@md u-pb-x0@md : Kein Hintergrund\">\n    <div class=\"o-container\">\n        <div class=\"o-grid o-grid--center\">\n                <div class=\"o-grid__col u-8\/12@md\" data-aos=\"fade-up\">\n                    <h2 style=\"text-align: center;\">About us<\/h2>\n<p style=\"text-align: center;\">Nestled in the idyllic countryside around Affalterbach, just 40 minutes from Stuttgart, DAS AFFALTERBACH combines nature, design and automotive history in a very special way. The traditional location, steeped in motorsport history, forms the backdrop for a hotel with a clear identity and exceptional character.<\/p>\n<p style=\"text-align: center;\">The heart of the house is the lovingly restored historic &#8220;Aufrecht&#8221; villa, once the home and company headquarters of Hans Werner Aufrecht, co-founder of AMG. It meets a modern new building with almost 100 rooms and creates a harmonious combination of history, contemporary design and maximum comfort.<\/p>\n<p style=\"text-align: center;\">Thanks to its quiet location and good accessibility, DAS AFFALTERBACH. The ideal place for relaxation, inspiration and special occasions: whether a conference, celebration or private event, accompanied by excellent cuisine, stylish ambience and first-class service.<\/p>\n\n                <\/div>\n        <\/div>\n    <\/div>\n<\/section>\n<section id=\"m-button__container-block_b46ebedb391f3fa3d2489fead2cc7fb3\" class=\"m-button__container u-pt-x0 u-pb-x10 u-pt-x5@md u-pb-x20@md : Kein Hintergrund\">\n    <div class=\"o-container\">\n        <div class=\"o-grid u-text-center\">\n            <div class=\"o-grid__col u-12\/12@md\" data-aos=\"fade-up\">\n                <a href=\"mailto:events@dasaffalterbach.com\" class=\"c-btn c-btn__primary\">Request now<\/a>\n            <\/div>\n        <\/div>\n    <\/div>\n<\/section>","protected":false},"excerpt":{"rendered":"","protected":false},"author":1,"featured_media":0,"parent":1103,"menu_order":8,"comment_status":"closed","ping_status":"closed","template":"","meta":{"_acf_changed":false,"footnotes":""},"class_list":["post-3406","page","type-page","status-publish","hentry"],"acf":[],"yoast_head":"<!-- This site is optimized with the Yoast SEO plugin v27.2 - https:\/\/yoast.com\/product\/yoast-seo-wordpress\/ -->\n<title>Exclusive booking - Das Affalterbach<\/title>\n<meta name=\"robots\" content=\"index, follow, max-snippet:-1, max-image-preview:large, max-video-preview:-1\" \/>\n<link rel=\"canonical\" href=\"https:\/\/dasaffalterbach.com\/en\/meetings-and-celebrations\/exclusive-booking\/\" \/>\n<meta property=\"og:locale\" content=\"en_US\" \/>\n<meta property=\"og:type\" content=\"article\" \/>\n<meta property=\"og:title\" content=\"Exclusive booking - Das Affalterbach\" \/>\n<meta property=\"og:url\" content=\"https:\/\/dasaffalterbach.com\/en\/meetings-and-celebrations\/exclusive-booking\/\" \/>\n<meta property=\"og:site_name\" content=\"Das Affalterbach\" \/>\n<meta property=\"article:modified_time\" content=\"2026-02-21T16:19:45+00:00\" \/>\n<meta name=\"twitter:card\" content=\"summary_large_image\" \/>\n<script type=\"application\/ld+json\" class=\"yoast-schema-graph\">{\"@context\":\"https:\/\/schema.org\",\"@graph\":[{\"@type\":\"WebPage\",\"@id\":\"https:\/\/dasaffalterbach.com\/en\/meetings-and-celebrations\/exclusive-booking\/\",\"url\":\"https:\/\/dasaffalterbach.com\/en\/meetings-and-celebrations\/exclusive-booking\/\",\"name\":\"Exclusive booking - Das Affalterbach\",\"isPartOf\":{\"@id\":\"https:\/\/dasaffalterbach.com\/en\/#website\"},\"datePublished\":\"2026-02-21T14:33:58+00:00\",\"dateModified\":\"2026-02-21T16:19:45+00:00\",\"breadcrumb\":{\"@id\":\"https:\/\/dasaffalterbach.com\/en\/meetings-and-celebrations\/exclusive-booking\/#breadcrumb\"},\"inLanguage\":\"en-US\",\"potentialAction\":[{\"@type\":\"ReadAction\",\"target\":[\"https:\/\/dasaffalterbach.com\/en\/meetings-and-celebrations\/exclusive-booking\/\"]}]},{\"@type\":\"BreadcrumbList\",\"@id\":\"https:\/\/dasaffalterbach.com\/en\/meetings-and-celebrations\/exclusive-booking\/#breadcrumb\",\"itemListElement\":[{\"@type\":\"ListItem\",\"position\":1,\"name\":\"Startseite\",\"item\":\"https:\/\/dasaffalterbach.com\/en\/\"},{\"@type\":\"ListItem\",\"position\":2,\"name\":\"Meetings &amp; celebrations\",\"item\":\"https:\/\/dasaffalterbach.com\/en\/meetings-and-celebrations\/\"},{\"@type\":\"ListItem\",\"position\":3,\"name\":\"Exclusive booking\"}]},{\"@type\":\"WebSite\",\"@id\":\"https:\/\/dasaffalterbach.com\/en\/#website\",\"url\":\"https:\/\/dasaffalterbach.com\/en\/\",\"name\":\"Autograph Collection Hotels\",\"description\":\"Autograph Collection Hotels\",\"publisher\":{\"@id\":\"https:\/\/dasaffalterbach.com\/en\/#organization\"},\"potentialAction\":[{\"@type\":\"SearchAction\",\"target\":{\"@type\":\"EntryPoint\",\"urlTemplate\":\"https:\/\/dasaffalterbach.com\/en\/?s={search_term_string}\"},\"query-input\":{\"@type\":\"PropertyValueSpecification\",\"valueRequired\":true,\"valueName\":\"search_term_string\"}}],\"inLanguage\":\"en-US\"},{\"@type\":\"Organization\",\"@id\":\"https:\/\/dasaffalterbach.com\/en\/#organization\",\"name\":\"Autograph Collection Hotels\",\"url\":\"https:\/\/dasaffalterbach.com\/en\/\",\"logo\":{\"@type\":\"ImageObject\",\"inLanguage\":\"en-US\",\"@id\":\"https:\/\/dasaffalterbach.com\/en\/#\/schema\/logo\/image\/\",\"url\":\"https:\/\/dasaffalterbach.com\/wp-content\/uploads\/2024\/09\/favicon.png\",\"contentUrl\":\"https:\/\/dasaffalterbach.com\/wp-content\/uploads\/2024\/09\/favicon.png\",\"width\":512,\"height\":512,\"caption\":\"Autograph Collection Hotels\"},\"image\":{\"@id\":\"https:\/\/dasaffalterbach.com\/en\/#\/schema\/logo\/image\/\"}}]}<\/script>\n<!-- \/ Yoast SEO plugin. -->","yoast_head_json":{"title":"Exclusive booking - Das Affalterbach","robots":{"index":"index","follow":"follow","max-snippet":"max-snippet:-1","max-image-preview":"max-image-preview:large","max-video-preview":"max-video-preview:-1"},"canonical":"https:\/\/dasaffalterbach.com\/en\/meetings-and-celebrations\/exclusive-booking\/","og_locale":"en_US","og_type":"article","og_title":"Exclusive booking - Das Affalterbach","og_url":"https:\/\/dasaffalterbach.com\/en\/meetings-and-celebrations\/exclusive-booking\/","og_site_name":"Das Affalterbach","article_modified_time":"2026-02-21T16:19:45+00:00","twitter_card":"summary_large_image","schema":{"@context":"https:\/\/schema.org","@graph":[{"@type":"WebPage","@id":"https:\/\/dasaffalterbach.com\/en\/meetings-and-celebrations\/exclusive-booking\/","url":"https:\/\/dasaffalterbach.com\/en\/meetings-and-celebrations\/exclusive-booking\/","name":"Exclusive booking - Das Affalterbach","isPartOf":{"@id":"https:\/\/dasaffalterbach.com\/en\/#website"},"datePublished":"2026-02-21T14:33:58+00:00","dateModified":"2026-02-21T16:19:45+00:00","breadcrumb":{"@id":"https:\/\/dasaffalterbach.com\/en\/meetings-and-celebrations\/exclusive-booking\/#breadcrumb"},"inLanguage":"en-US","potentialAction":[{"@type":"ReadAction","target":["https:\/\/dasaffalterbach.com\/en\/meetings-and-celebrations\/exclusive-booking\/"]}]},{"@type":"BreadcrumbList","@id":"https:\/\/dasaffalterbach.com\/en\/meetings-and-celebrations\/exclusive-booking\/#breadcrumb","itemListElement":[{"@type":"ListItem","position":1,"name":"Startseite","item":"https:\/\/dasaffalterbach.com\/en\/"},{"@type":"ListItem","position":2,"name":"Meetings &amp; celebrations","item":"https:\/\/dasaffalterbach.com\/en\/meetings-and-celebrations\/"},{"@type":"ListItem","position":3,"name":"Exclusive booking"}]},{"@type":"WebSite","@id":"https:\/\/dasaffalterbach.com\/en\/#website","url":"https:\/\/dasaffalterbach.com\/en\/","name":"Autograph Collection Hotels","description":"Autograph Collection Hotels","publisher":{"@id":"https:\/\/dasaffalterbach.com\/en\/#organization"},"potentialAction":[{"@type":"SearchAction","target":{"@type":"EntryPoint","urlTemplate":"https:\/\/dasaffalterbach.com\/en\/?s={search_term_string}"},"query-input":{"@type":"PropertyValueSpecification","valueRequired":true,"valueName":"search_term_string"}}],"inLanguage":"en-US"},{"@type":"Organization","@id":"https:\/\/dasaffalterbach.com\/en\/#organization","name":"Autograph Collection Hotels","url":"https:\/\/dasaffalterbach.com\/en\/","logo":{"@type":"ImageObject","inLanguage":"en-US","@id":"https:\/\/dasaffalterbach.com\/en\/#\/schema\/logo\/image\/","url":"https:\/\/dasaffalterbach.com\/wp-content\/uploads\/2024\/09\/favicon.png","contentUrl":"https:\/\/dasaffalterbach.com\/wp-content\/uploads\/2024\/09\/favicon.png","width":512,"height":512,"caption":"Autograph Collection Hotels"},"image":{"@id":"https:\/\/dasaffalterbach.com\/en\/#\/schema\/logo\/image\/"}}]}},"_links":{"self":[{"href":"https:\/\/dasaffalterbach.com\/en\/wp-json\/wp\/v2\/pages\/3406","targetHints":{"allow":["GET"]}}],"collection":[{"href":"https:\/\/dasaffalterbach.com\/en\/wp-json\/wp\/v2\/pages"}],"about":[{"href":"https:\/\/dasaffalterbach.com\/en\/wp-json\/wp\/v2\/types\/page"}],"author":[{"embeddable":true,"href":"https:\/\/dasaffalterbach.com\/en\/wp-json\/wp\/v2\/users\/1"}],"replies":[{"embeddable":true,"href":"https:\/\/dasaffalterbach.com\/en\/wp-json\/wp\/v2\/comments?post=3406"}],"version-history":[{"count":1,"href":"https:\/\/dasaffalterbach.com\/en\/wp-json\/wp\/v2\/pages\/3406\/revisions"}],"predecessor-version":[{"id":3425,"href":"https:\/\/dasaffalterbach.com\/en\/wp-json\/wp\/v2\/pages\/3406\/revisions\/3425"}],"up":[{"embeddable":true,"href":"https:\/\/dasaffalterbach.com\/en\/wp-json\/wp\/v2\/pages\/1103"}],"wp:attachment":[{"href":"https:\/\/dasaffalterbach.com\/en\/wp-json\/wp\/v2\/media?parent=3406"}],"curies":[{"name":"wp","href":"https:\/\/api.w.org\/{rel}","templated":true}]}}